{"id":113,"date":"2022-05-30T11:32:00","date_gmt":"2022-05-30T11:32:00","guid":{"rendered":"https:\/\/transport-schaefer.de\/wordpress\/?page_id=113"},"modified":"2022-06-07T11:08:30","modified_gmt":"2022-06-07T11:08:30","slug":"zuassungsdienst","status":"publish","type":"page","link":"https:\/\/transport-schaefer.de\/?page_id=113","title":{"rendered":"Zulassungsdienst"},"content":{"rendered":"\n<p class=\"has-text-align-center has-ast-global-color-4-color has-ast-global-color-0-background-color has-text-color has-background has-medium-font-size\" style=\"line-height:1;letter-spacing:2px\">ZULASSUNGSDIENST<\/p>\n\n\n\n<figure class=\"wp-block-image aligncenter size-large\"><img decoding=\"async\" src=\"https:\/\/transport-schaefer.de\/wp-content\/uploads\/2022\/05\/Zulassungsdienst_blau-300x161-1.png\" alt=\"\"\/><\/figure>\n\n\n\n<h3 class=\"has-text-align-center has-ast-global-color-0-color has-text-color wp-block-heading\">Zulassungsdienst:<br>Wir \u00fcbernehmen An-, Ab- und Ummeldung<\/h3>\n\n\n\n<p style=\"line-height:1.4\">Sie haben einen neuen Wagen f\u00fcr Ihren Fahrzeugpool erstanden und finden keine Zeit, sich um die Anmeldung zu k\u00fcmmern? Oder Sie haben einem Kunden ein Fahrzeug gekauft und m\u00fcssen daf\u00fcr sorgen, dass es ihn samt der vorgeschriebenen Kennzeichen sicher erreicht? Wir bei <strong>Transport &amp; Logistik W. Sch\u00e4fer<\/strong> \u00fcbernehmen diese Aufgabe gern f\u00fcr Sie, sowohl in H\u00fcrth als auch bundesweit. Unser Zulassungsservice ben\u00f6tigt von Ihnen nur die erforderlichen Unterlagen. Um alles andere k\u00fcmmern wir uns.<\/p>\n\n\n\n<div class=\"wp-block-columns is-layout-flex wp-container-core-columns-is-layout-c6bc58be wp-block-columns-is-layout-flex\" style=\"border-radius:0px;border-style:none;border-width:0px;padding-top:0px;padding-right:0px;padding-bottom:0px;padding-left:0px\">\n<div class=\"wp-block-column has-ast-global-color-4-color has-text-color has-background is-layout-flow wp-block-column-is-layout-flow\" style=\"background-color:#767b85;padding-top:25px;padding-right:25px;padding-bottom:25px;padding-left:25px\">\n<p class=\"has-text-align-center has-ast-global-color-4-color has-text-color has-medium-font-size\" style=\"line-height:1\">Vertrauen Sie bei der Zulassung Ihrer Fahrzeuge auf den Profi<\/p>\n\n\n\n<p class=\"has-ast-global-color-4-color has-text-color\" style=\"line-height:1.4\">Unser Zulassungsdienst von Transport &amp; Logistik W. Sch\u00e4fer hat bereits viel Erfahrung mit den typischen Aufgaben rund um die <strong>Kfz-Zulassung<\/strong> sammeln k\u00f6nnen. Entsprechend wissen wir, wie die Abl\u00e4ufe m\u00f6glichst <strong>rasch und komplikationslos<\/strong> vonstattengehen. Statt Ihre Mitarbeiter loszuschicken, die Sie an anderer Stelle besser einsetzen k\u00f6nnen, beauftragen Sie doch lieber unsere umsichtigen Fahrer. Melden Sie sich kurz bei uns \u2013 wir wissen, welche Unterlagen wir von ihnen brauchen, und fragen Sie nach speziellen W\u00fcnschen. <strong>Wir melden je nach Bedarf Ihre Fahrzeuge an, um oder ab.<\/strong> Von der Zulassungsstelle aus liefern wir sie gegebenenfalls mit den neuen Kennzeichen zuverl\u00e4ssig an jede gew\u00fcnschte Adresse.<\/p>\n<\/div>\n<\/div>\n\n\n\n<p><\/p>\n\n\n\n<h4 class=\"has-text-align-center has-ast-global-color-0-color has-text-color wp-block-heading\">Der Service von Transport &amp; Logistik W. Sch\u00e4fer im \u00dcberblick<\/h4>\n\n\n\n<div class=\"wp-block-columns is-layout-flex wp-container-core-columns-is-layout-28f84493 wp-block-columns-is-layout-flex\">\n<div class=\"wp-block-column is-layout-flow wp-block-column-is-layout-flow\" style=\"flex-basis:55%\">\n<p style=\"line-height:1.4\">M\u00f6chten Sie, dass wir die Anmeldung Ihrer Fahrzeuge f\u00fcr Sie \u00fcbernehmen, bieten wir Ihnen das Komplettpaket.<br>WIR..<\/p>\n\n\n\n<ul class=\"has-ast-global-color-0-color has-text-color wp-block-list\" style=\"font-size:14px\"><li>&#8230;reservieren online Ihr Wunschkennzeichen,<\/li><li>\u2026vereinbaren einen Termin mit der Zulassungsstelle,<\/li><li>\u2026liefern die Fahrzeuge p\u00fcnktlich ab,<\/li><li>\u2026kl\u00e4ren alle eventuell offen gebliebenen Fragen,<\/li><li>&#8230;legen die notwendigen Geb\u00fchren f\u00fcr Sie aus,<\/li><li>\u2026liefern die Fahrzeuge mit dem neuen Kennzeichen nach der Anmeldung ab,<\/li><li>\u2026rechnen nach den Belegen mit dem Kunden ab.<\/li><\/ul>\n<\/div>\n\n\n\n<div class=\"wp-block-column is-vertically-aligned-center is-layout-flow wp-block-column-is-layout-flow\" style=\"flex-basis:45%\">\n<figure class=\"wp-block-image size-full is-resized is-style-rounded\"><img loading=\"lazy\" decoding=\"async\" src=\"https:\/\/transport-schaefer.de\/wordpress\/wp-content\/uploads\/2022\/05\/zulassungsdienst.jpg\" alt=\"\" class=\"wp-image-121\" width=\"397\" height=\"265\" srcset=\"https:\/\/transport-schaefer.de\/wp-content\/uploads\/2022\/05\/zulassungsdienst.jpg 600w, https:\/\/transport-schaefer.de\/wp-content\/uploads\/2022\/05\/zulassungsdienst-300x200.jpg 300w\" sizes=\"auto, (max-width: 397px) 100vw, 397px\" \/><\/figure>\n<\/div>\n<\/div>\n\n\n\n<p style=\"font-size:8px\"><\/p>\n\n\n\n<div class=\"wp-block-columns is-layout-flex wp-container-core-columns-is-layout-28f84493 wp-block-columns-is-layout-flex\">\n<div class=\"wp-block-column is-layout-flow wp-block-column-is-layout-flow\">\n<p style=\"line-height:1.4\">Wir wissen, welche Verz\u00f6gerungen bei der Zulassung eines Kfz auftreten k\u00f6nnen \u2013 selbst wenn alle erforderlichen Unterlagen eingereicht sind und ein Termin vereinbart wurde. Derartige Unterbrechungen k\u00f6nnen den reibungslosen Ablauf in Ihrem Unternehmen gef\u00e4hrden, daher sparen Sie Zeit und Nerven, indem Sie uns diese Aufgabe \u00fcbertragen.<\/p>\n<\/div>\n<\/div>\n\n\n\n<hr class=\"wp-block-separator alignwide has-text-color has-ast-global-color-0-color has-alpha-channel-opacity has-ast-global-color-0-background-color has-background is-style-wide\"\/>\n\n\n\n<p><\/p>\n\n\n\n<div class=\"wp-block-columns is-layout-flex wp-container-core-columns-is-layout-28f84493 wp-block-columns-is-layout-flex\">\n<div class=\"wp-block-column is-layout-flow wp-block-column-is-layout-flow\">\n<p class=\"has-text-align-left has-ast-global-color-0-color has-text-color\" style=\"line-height:1.4\">Gerne erstellen wir Ihnen eine  &#8211; INDIVIDUELLES ANGEBOT &#8211; f\u00fcr die Zulassung von Ihrem PKW oder LKW<\/p>\n<\/div>\n\n\n\n<div class=\"wp-block-column is-layout-flow wp-block-column-is-layout-flow\">\n<div class=\"wp-block-buttons is-content-justification-center is-layout-flex wp-container-core-buttons-is-layout-a89b3969 wp-block-buttons-is-layout-flex\">\n<div class=\"wp-block-button has-custom-width wp-block-button__width-75 has-custom-font-size\" style=\"font-size:14px\"><a class=\"wp-block-button__link\" href=\"https:\/\/transport-schaefer.de\/wordpress\/?page_id=187\">Jetzt Kontakt aufnehmen<\/a><\/div>\n<\/div>\n<\/div>\n<\/div>\n","protected":false},"excerpt":{"rendered":"<p>ZULASSUNGSDIENST Zulassungsdienst:Wir \u00fcbernehmen An-, Ab- und Ummeldung Sie haben einen neuen Wagen f\u00fcr Ihren Fahrzeugpool erstanden und finden keine Zeit, sich um die Anmeldung zu k\u00fcmmern? Oder Sie haben einem Kunden ein Fahrzeug gekauft und m\u00fcssen daf\u00fcr sorgen, dass es ihn samt der vorgeschriebenen Kennzeichen sicher erreicht? Wir bei Transport &amp; Logistik W. Sch\u00e4fer \u00fcbernehmen [&hellip;]<\/p>\n","protected":false},"author":1,"featured_media":0,"parent":0,"menu_order":0,"comment_status":"closed","ping_status":"closed","template":"","meta":{"_uag_custom_page_level_css":"","site-sidebar-layout":"default","site-content-layout":"","ast-site-content-layout":"default","site-content-style":"default","site-sidebar-style":"default","ast-global-header-display":"","ast-banner-title-visibility":"","ast-main-header-display":"","ast-hfb-above-header-display":"","ast-hfb-below-header-display":"","ast-hfb-mobile-header-display":"","site-post-title":"disabled","ast-breadcrumbs-content":"","ast-featured-img":"","footer-sml-layout":"","ast-disable-related-posts":"","theme-transparent-header-meta":"","adv-header-id-meta":"","stick-header-meta":"","header-above-stick-meta":"","header-main-stick-meta":"","header-below-stick-meta":"","astra-migrate-meta-layouts":"default","ast-page-background-enabled":"default","ast-page-background-meta":{"desktop":{"background-color":"var(--ast-global-color-4)","background-image":"","background-repeat":"repeat","background-position":"center center","background-size":"auto","background-attachment":"scroll","background-type":"","background-media":"","overlay-type":"","overlay-color":"","overlay-opacity":"","overlay-gradient":""},"tablet":{"background-color":"","background-image":"","background-repeat":"repeat","background-position":"center center","background-size":"auto","background-attachment":"scroll","background-type":"","background-media":"","overlay-type":"","overlay-color":"","overlay-opacity":"","overlay-gradient":""},"mobile":{"background-color":"","background-image":"","background-repeat":"repeat","background-position":"center center","background-size":"auto","background-attachment":"scroll","background-type":"","background-media":"","overlay-type":"","overlay-color":"","overlay-opacity":"","overlay-gradient":""}},"ast-content-background-meta":{"desktop":{"background-color":"var(--ast-global-color-5)","background-image":"","background-repeat":"repeat","background-position":"center center","background-size":"auto","background-attachment":"scroll","background-type":"","background-media":"","overlay-type":"","overlay-color":"","overlay-opacity":"","overlay-gradient":""},"tablet":{"background-color":"var(--ast-global-color-5)","background-image":"","background-repeat":"repeat","background-position":"center center","background-size":"auto","background-attachment":"scroll","background-type":"","background-media":"","overlay-type":"","overlay-color":"","overlay-opacity":"","overlay-gradient":""},"mobile":{"background-color":"var(--ast-global-color-5)","background-image":"","background-repeat":"repeat","background-position":"center center","background-size":"auto","background-attachment":"scroll","background-type":"","background-media":"","overlay-type":"","overlay-color":"","overlay-opacity":"","overlay-gradient":""}},"footnotes":""},"class_list":["post-113","page","type-page","status-publish","hentry"],"yoast_head":"<!-- This site is optimized with the Yoast SEO plugin v27.4 - https:\/\/yoast.com\/product\/yoast-seo-wordpress\/ -->\n<title>Zulassungsdienst - Transport-Sch\u00e4fer<\/title>\n<meta name=\"robots\" content=\"index, follow, max-snippet:-1, max-image-preview:large, max-video-preview:-1\" \/>\n<link rel=\"canonical\" href=\"https:\/\/transport-schaefer.de\/?page_id=113\" \/>\n<meta property=\"og:locale\" content=\"de_DE\" \/>\n<meta property=\"og:type\" content=\"article\" \/>\n<meta property=\"og:title\" content=\"Zulassungsdienst - Transport-Sch\u00e4fer\" \/>\n<meta property=\"og:description\" content=\"ZULASSUNGSDIENST Zulassungsdienst:Wir \u00fcbernehmen An-, Ab- und Ummeldung Sie haben einen neuen Wagen f\u00fcr Ihren Fahrzeugpool erstanden und finden keine Zeit, sich um die Anmeldung zu k\u00fcmmern? Oder Sie haben einem Kunden ein Fahrzeug gekauft und m\u00fcssen daf\u00fcr sorgen, dass es ihn samt der vorgeschriebenen Kennzeichen sicher erreicht? Wir bei Transport &amp; Logistik W. Sch\u00e4fer \u00fcbernehmen [&hellip;]\" \/>\n<meta property=\"og:url\" content=\"https:\/\/transport-schaefer.de\/?page_id=113\" \/>\n<meta property=\"og:site_name\" content=\"Transport-Sch\u00e4fer\" \/>\n<meta property=\"article:modified_time\" content=\"2022-06-07T11:08:30+00:00\" \/>\n<meta property=\"og:image\" content=\"https:\/\/transport-schaefer.de\/wp-content\/uploads\/2022\/05\/Zulassungsdienst_blau-300x161-1.png\" \/>\n<meta name=\"twitter:card\" content=\"summary_large_image\" \/>\n<meta name=\"twitter:label1\" content=\"Gesch\u00e4tzte Lesezeit\" \/>\n\t<meta name=\"twitter:data1\" content=\"2\u00a0Minuten\" \/>\n<script type=\"application\/ld+json\" class=\"yoast-schema-graph\">{\"@context\":\"https:\\\/\\\/schema.org\",\"@graph\":[{\"@type\":\"WebPage\",\"@id\":\"https:\\\/\\\/transport-schaefer.de\\\/?page_id=113\",\"url\":\"https:\\\/\\\/transport-schaefer.de\\\/?page_id=113\",\"name\":\"Zulassungsdienst - Transport-Sch\u00e4fer\",\"isPartOf\":{\"@id\":\"https:\\\/\\\/transport-schaefer.de\\\/#website\"},\"primaryImageOfPage\":{\"@id\":\"https:\\\/\\\/transport-schaefer.de\\\/?page_id=113#primaryimage\"},\"image\":{\"@id\":\"https:\\\/\\\/transport-schaefer.de\\\/?page_id=113#primaryimage\"},\"thumbnailUrl\":\"https:\\\/\\\/transport-schaefer.de\\\/wp-content\\\/uploads\\\/2022\\\/05\\\/Zulassungsdienst_blau-300x161-1.png\",\"datePublished\":\"2022-05-30T11:32:00+00:00\",\"dateModified\":\"2022-06-07T11:08:30+00:00\",\"breadcrumb\":{\"@id\":\"https:\\\/\\\/transport-schaefer.de\\\/?page_id=113#breadcrumb\"},\"inLanguage\":\"de\",\"potentialAction\":[{\"@type\":\"ReadAction\",\"target\":[\"https:\\\/\\\/transport-schaefer.de\\\/?page_id=113\"]}]},{\"@type\":\"ImageObject\",\"inLanguage\":\"de\",\"@id\":\"https:\\\/\\\/transport-schaefer.de\\\/?page_id=113#primaryimage\",\"url\":\"https:\\\/\\\/transport-schaefer.de\\\/wp-content\\\/uploads\\\/2022\\\/05\\\/Zulassungsdienst_blau-300x161-1.png\",\"contentUrl\":\"https:\\\/\\\/transport-schaefer.de\\\/wp-content\\\/uploads\\\/2022\\\/05\\\/Zulassungsdienst_blau-300x161-1.png\",\"width\":300,\"height\":161},{\"@type\":\"BreadcrumbList\",\"@id\":\"https:\\\/\\\/transport-schaefer.de\\\/?page_id=113#breadcrumb\",\"itemListElement\":[{\"@type\":\"ListItem\",\"position\":1,\"name\":\"Startseite\",\"item\":\"https:\\\/\\\/transport-schaefer.de\\\/\"},{\"@type\":\"ListItem\",\"position\":2,\"name\":\"Zulassungsdienst\"}]},{\"@type\":\"WebSite\",\"@id\":\"https:\\\/\\\/transport-schaefer.de\\\/#website\",\"url\":\"https:\\\/\\\/transport-schaefer.de\\\/\",\"name\":\"Transport-Sch\u00e4fer\",\"description\":\"Just another WordPress site\",\"publisher\":{\"@id\":\"https:\\\/\\\/transport-schaefer.de\\\/#organization\"},\"potentialAction\":[{\"@type\":\"SearchAction\",\"target\":{\"@type\":\"EntryPoint\",\"urlTemplate\":\"https:\\\/\\\/transport-schaefer.de\\\/?s={search_term_string}\"},\"query-input\":{\"@type\":\"PropertyValueSpecification\",\"valueRequired\":true,\"valueName\":\"search_term_string\"}}],\"inLanguage\":\"de\"},{\"@type\":\"Organization\",\"@id\":\"https:\\\/\\\/transport-schaefer.de\\\/#organization\",\"name\":\"Transport-Sch\u00e4fer\",\"url\":\"https:\\\/\\\/transport-schaefer.de\\\/\",\"logo\":{\"@type\":\"ImageObject\",\"inLanguage\":\"de\",\"@id\":\"https:\\\/\\\/transport-schaefer.de\\\/#\\\/schema\\\/logo\\\/image\\\/\",\"url\":\"https:\\\/\\\/transport-schaefer.de\\\/wp-content\\\/uploads\\\/2022\\\/05\\\/Logo-Schaefer-1.png\",\"contentUrl\":\"https:\\\/\\\/transport-schaefer.de\\\/wp-content\\\/uploads\\\/2022\\\/05\\\/Logo-Schaefer-1.png\",\"width\":290,\"height\":75,\"caption\":\"Transport-Sch\u00e4fer\"},\"image\":{\"@id\":\"https:\\\/\\\/transport-schaefer.de\\\/#\\\/schema\\\/logo\\\/image\\\/\"}}]}<\/script>\n<!-- \/ Yoast SEO plugin. -->","yoast_head_json":{"title":"Zulassungsdienst - Transport-Sch\u00e4fer","robots":{"index":"index","follow":"follow","max-snippet":"max-snippet:-1","max-image-preview":"max-image-preview:large","max-video-preview":"max-video-preview:-1"},"canonical":"https:\/\/transport-schaefer.de\/?page_id=113","og_locale":"de_DE","og_type":"article","og_title":"Zulassungsdienst - Transport-Sch\u00e4fer","og_description":"ZULASSUNGSDIENST Zulassungsdienst:Wir \u00fcbernehmen An-, Ab- und Ummeldung Sie haben einen neuen Wagen f\u00fcr Ihren Fahrzeugpool erstanden und finden keine Zeit, sich um die Anmeldung zu k\u00fcmmern? Oder Sie haben einem Kunden ein Fahrzeug gekauft und m\u00fcssen daf\u00fcr sorgen, dass es ihn samt der vorgeschriebenen Kennzeichen sicher erreicht? Wir bei Transport &amp; Logistik W. Sch\u00e4fer \u00fcbernehmen [&hellip;]","og_url":"https:\/\/transport-schaefer.de\/?page_id=113","og_site_name":"Transport-Sch\u00e4fer","article_modified_time":"2022-06-07T11:08:30+00:00","og_image":[{"url":"https:\/\/transport-schaefer.de\/wp-content\/uploads\/2022\/05\/Zulassungsdienst_blau-300x161-1.png","type":"","width":"","height":""}],"twitter_card":"summary_large_image","twitter_misc":{"Gesch\u00e4tzte Lesezeit":"2\u00a0Minuten"},"schema":{"@context":"https:\/\/schema.org","@graph":[{"@type":"WebPage","@id":"https:\/\/transport-schaefer.de\/?page_id=113","url":"https:\/\/transport-schaefer.de\/?page_id=113","name":"Zulassungsdienst - Transport-Sch\u00e4fer","isPartOf":{"@id":"https:\/\/transport-schaefer.de\/#website"},"primaryImageOfPage":{"@id":"https:\/\/transport-schaefer.de\/?page_id=113#primaryimage"},"image":{"@id":"https:\/\/transport-schaefer.de\/?page_id=113#primaryimage"},"thumbnailUrl":"https:\/\/transport-schaefer.de\/wp-content\/uploads\/2022\/05\/Zulassungsdienst_blau-300x161-1.png","datePublished":"2022-05-30T11:32:00+00:00","dateModified":"2022-06-07T11:08:30+00:00","breadcrumb":{"@id":"https:\/\/transport-schaefer.de\/?page_id=113#breadcrumb"},"inLanguage":"de","potentialAction":[{"@type":"ReadAction","target":["https:\/\/transport-schaefer.de\/?page_id=113"]}]},{"@type":"ImageObject","inLanguage":"de","@id":"https:\/\/transport-schaefer.de\/?page_id=113#primaryimage","url":"https:\/\/transport-schaefer.de\/wp-content\/uploads\/2022\/05\/Zulassungsdienst_blau-300x161-1.png","contentUrl":"https:\/\/transport-schaefer.de\/wp-content\/uploads\/2022\/05\/Zulassungsdienst_blau-300x161-1.png","width":300,"height":161},{"@type":"BreadcrumbList","@id":"https:\/\/transport-schaefer.de\/?page_id=113#breadcrumb","itemListElement":[{"@type":"ListItem","position":1,"name":"Startseite","item":"https:\/\/transport-schaefer.de\/"},{"@type":"ListItem","position":2,"name":"Zulassungsdienst"}]},{"@type":"WebSite","@id":"https:\/\/transport-schaefer.de\/#website","url":"https:\/\/transport-schaefer.de\/","name":"Transport-Sch\u00e4fer","description":"Just another WordPress site","publisher":{"@id":"https:\/\/transport-schaefer.de\/#organization"},"potentialAction":[{"@type":"SearchAction","target":{"@type":"EntryPoint","urlTemplate":"https:\/\/transport-schaefer.de\/?s={search_term_string}"},"query-input":{"@type":"PropertyValueSpecification","valueRequired":true,"valueName":"search_term_string"}}],"inLanguage":"de"},{"@type":"Organization","@id":"https:\/\/transport-schaefer.de\/#organization","name":"Transport-Sch\u00e4fer","url":"https:\/\/transport-schaefer.de\/","logo":{"@type":"ImageObject","inLanguage":"de","@id":"https:\/\/transport-schaefer.de\/#\/schema\/logo\/image\/","url":"https:\/\/transport-schaefer.de\/wp-content\/uploads\/2022\/05\/Logo-Schaefer-1.png","contentUrl":"https:\/\/transport-schaefer.de\/wp-content\/uploads\/2022\/05\/Logo-Schaefer-1.png","width":290,"height":75,"caption":"Transport-Sch\u00e4fer"},"image":{"@id":"https:\/\/transport-schaefer.de\/#\/schema\/logo\/image\/"}}]}},"uagb_featured_image_src":{"full":false,"thumbnail":false,"medium":false,"medium_large":false,"large":false,"1536x1536":false,"2048x2048":false},"uagb_author_info":{"display_name":"admin","author_link":"https:\/\/transport-schaefer.de\/?author=1"},"uagb_comment_info":0,"uagb_excerpt":"ZULASSUNGSDIENST Zulassungsdienst:Wir \u00fcbernehmen An-, Ab- und Ummeldung Sie haben einen neuen Wagen f\u00fcr Ihren Fahrzeugpool erstanden und finden keine Zeit, sich um die Anmeldung zu k\u00fcmmern? Oder Sie haben einem Kunden ein Fahrzeug gekauft und m\u00fcssen daf\u00fcr sorgen, dass es ihn samt der vorgeschriebenen Kennzeichen sicher erreicht? Wir bei Transport &amp; Logistik W. Sch\u00e4fer \u00fcbernehmen&hellip;","_links":{"self":[{"href":"https:\/\/transport-schaefer.de\/index.php?rest_route=\/wp\/v2\/pages\/113","targetHints":{"allow":["GET"]}}],"collection":[{"href":"https:\/\/transport-schaefer.de\/index.php?rest_route=\/wp\/v2\/pages"}],"about":[{"href":"https:\/\/transport-schaefer.de\/index.php?rest_route=\/wp\/v2\/types\/page"}],"author":[{"embeddable":true,"href":"https:\/\/transport-schaefer.de\/index.php?rest_route=\/wp\/v2\/users\/1"}],"replies":[{"embeddable":true,"href":"https:\/\/transport-schaefer.de\/index.php?rest_route=%2Fwp%2Fv2%2Fcomments&post=113"}],"version-history":[{"count":22,"href":"https:\/\/transport-schaefer.de\/index.php?rest_route=\/wp\/v2\/pages\/113\/revisions"}],"predecessor-version":[{"id":549,"href":"https:\/\/transport-schaefer.de\/index.php?rest_route=\/wp\/v2\/pages\/113\/revisions\/549"}],"wp:attachment":[{"href":"https:\/\/transport-schaefer.de\/index.php?rest_route=%2Fwp%2Fv2%2Fmedia&parent=113"}],"curies":[{"name":"wp","href":"https:\/\/api.w.org\/{rel}","templated":true}]}}