{"id":187,"date":"2022-05-31T09:38:02","date_gmt":"2022-05-31T09:38:02","guid":{"rendered":"https:\/\/transport-schaefer.de\/wordpress\/?page_id=187"},"modified":"2025-11-12T20:32:18","modified_gmt":"2025-11-12T20:32:18","slug":"kontakt","status":"publish","type":"page","link":"https:\/\/transport-schaefer.de\/?page_id=187","title":{"rendered":"Kontakt"},"content":{"rendered":"\n<p class=\"has-text-align-center has-ast-global-color-4-color has-ast-global-color-0-background-color has-text-color has-background has-medium-font-size\" style=\"letter-spacing:2px;line-height:1\">KONTAKT<\/p>\n\n\n\n<p><\/p>\n\n\n\n<h2 class=\"wp-block-heading has-text-align-center has-ast-global-color-0-color has-text-color\">Schreiben Sie uns!<\/h2>\n\n\n\n<p>&nbsp;<\/p>\n\n\n\n<div class=\"wpcf7 no-js\" id=\"wpcf7-f190-o1\" lang=\"de-DE\" dir=\"ltr\" data-wpcf7-id=\"190\">\n<div class=\"screen-reader-response\"><p role=\"status\" aria-live=\"polite\" aria-atomic=\"true\"><\/p> <ul><\/ul><\/div>\n<form action=\"\/index.php?rest_route=%2Fwp%2Fv2%2Fpages%2F187#wpcf7-f190-o1\" method=\"post\" class=\"wpcf7-form init\" aria-label=\"Kontaktformular\" novalidate=\"novalidate\" data-status=\"init\">\n<fieldset class=\"hidden-fields-container\"><input type=\"hidden\" name=\"_wpcf7\" value=\"190\" \/><input type=\"hidden\" name=\"_wpcf7_version\" value=\"6.1.5\" \/><input type=\"hidden\" name=\"_wpcf7_locale\" value=\"de_DE\" \/><input type=\"hidden\" name=\"_wpcf7_unit_tag\" value=\"wpcf7-f190-o1\" \/><input type=\"hidden\" name=\"_wpcf7_container_post\" value=\"0\" \/><input type=\"hidden\" name=\"_wpcf7_posted_data_hash\" value=\"\" \/>\n<\/fieldset>\n<p><label> Name<br \/>\n<span class=\"wpcf7-form-control-wrap\" data-name=\"your-name\"><input size=\"40\" maxlength=\"400\" class=\"wpcf7-form-control wpcf7-text wpcf7-validates-as-required\" aria-required=\"true\" aria-invalid=\"false\" value=\"\" type=\"text\" name=\"your-name\" \/><\/span> <\/label>\n<\/p>\n<p><label> E-Mail<br \/>\n<span class=\"wpcf7-form-control-wrap\" data-name=\"your-email\"><input size=\"40\" maxlength=\"400\" class=\"wpcf7-form-control wpcf7-email wpcf7-validates-as-required wpcf7-text wpcf7-validates-as-email\" aria-required=\"true\" aria-invalid=\"false\" value=\"\" type=\"email\" name=\"your-email\" \/><\/span> <\/label>\n<\/p>\n<p><label> Telefon<br \/>\n<span class=\"wpcf7-form-control-wrap\" data-name=\"tel-535\"><input size=\"40\" maxlength=\"400\" class=\"wpcf7-form-control wpcf7-tel wpcf7-text wpcf7-validates-as-tel\" aria-invalid=\"false\" value=\"\" type=\"tel\" name=\"tel-535\" \/><\/span> <\/label>\n<\/p>\n<p><label> Betreff<br \/>\n<span class=\"wpcf7-form-control-wrap\" data-name=\"your-subject\"><input size=\"40\" maxlength=\"400\" class=\"wpcf7-form-control wpcf7-text wpcf7-validates-as-required\" aria-required=\"true\" aria-invalid=\"false\" value=\"\" type=\"text\" name=\"your-subject\" \/><\/span> <\/label>\n<\/p>\n<p><label> Ihre Nachricht (optional)<br \/>\n<span class=\"wpcf7-form-control-wrap\" data-name=\"your-message\"><textarea cols=\"40\" rows=\"10\" maxlength=\"2000\" class=\"wpcf7-form-control wpcf7-textarea\" aria-invalid=\"false\" name=\"your-message\"><\/textarea><\/span> <\/label>\n<\/p>\n<p><input class=\"wpcf7-form-control wpcf7-submit has-spinner\" type=\"submit\" value=\"Senden\" \/>\n<\/p><div class=\"wpcf7-response-output\" aria-hidden=\"true\"><\/div>\n<\/form>\n<\/div>\n\n\n\n\n<div style=\"height:50px\" aria-hidden=\"true\" class=\"wp-block-spacer\"><\/div>\n\n\n\n<div class=\"wp-block-columns is-layout-flex wp-container-core-columns-is-layout-28f84493 wp-block-columns-is-layout-flex\">\n<div class=\"wp-block-column is-layout-flow wp-block-column-is-layout-flow\" style=\"flex-basis:100%\">\n<div class=\"wp-block-columns is-layout-flex wp-container-core-columns-is-layout-28f84493 wp-block-columns-is-layout-flex\">\n<div class=\"wp-block-column is-layout-constrained wp-container-core-column-is-layout-4e268fe7 wp-block-column-is-layout-constrained\"><style type=\"text\/css\">\n#wegplaner_routenplanerbox{border:2px solid #003e8d;margin:0px;padding:25px;text-align:left;width:400px;height: 400px; background-color:#004f9e}\n#wegplaner_routenplanerbox form{font-family:arial,sans-serif;font-weight:normal;margin:0; padding:0;}\n#wegplaner_routenplanerbox form input[type='text']{text-align:left;color:'#fff' !important;margin:4px 0;width:98%;height:21px;padding:0;}\n#wegplaner_routenplanerbox form input[type='submit']{font-size:0.9em;color:#fff;background:#888;padding:2px;margin-top:15px;width:140px;height:25px;  border:1px solid #ccc;}\n#wegplaner_routenplanerbox p{font-size:14px;font-weight:normal;color:#FFFFFF !important;-webkit-margin-before:0em;-webkit-margin-after:0em;margin:0;padding:0;}\n#wegplaner_routenplanerbox h2{font-size:18px;font-weight:normal;color:#3d3d6b !important;margin-bottom:-10px;margin-top:-2px;}\n#wegplaner_routenplanerbox a{color:#FFFFFF !important;text-decoration:none;}\n#wegplaner_routenplanerbox p.margin{margin-bottom:20px;}#wegplaner_routenplanerbox p.font{font-size:12px !important;}\n<\/style>\n<div id=\"wegplaner_routenplanerbox\">\n<form name=\"form\" action=\"https:\/\/www.wegplaner.de\" method=\"get\" target=\"_blank\" accept-charset=\"utf-8\">\n<h2 align=\"center\"><a href=\"https:\/\/www.wegplaner.de\" target=\"_blank\" rel=\"noopener\">Route planen<\/a><\/h2>\n<p>&nbsp;<\/p>\n<p>&nbsp;<\/p>\n<p>START<\/p>\n<p><input type=\"text\" class=\"box\" name=\"start\" id=\"start\" required=\"required\"><\/p>\n<p class=\"margin font\" id=\"widgetmargin\">Stra\u00dfe, PLZ, Ort<\/p>\n<p>&nbsp;<\/p>\n<p>ZIEL: Transport &amp; Logistik W. SCH\u00c4FER<\/p>\n<p><input type=\"text\" class=\"box\" name=\"ziel\" value=\"R\u00f6merstra\u00dfe 1-3, 50354 H\u00fcrth\" id=\"ziel\" required=\"required\"><\/p>\n<p class=\"margin font\"><!--Stra&szlig;e, PLZ, Ort--><\/p>\n<p><input type=\"hidden\" class=\"box\" name=\"currentstep\" id=\"currentstep\" required=\"required\" value=\"fromwidget\"><\/p>\n<p>&nbsp;<\/p>\n<p align=\"center\"><input type=\"submit\" id=\"berechnen\" value=\"Route berechnen\"><\/p>\n<\/form>\n<\/div>\n<\/div>\n\n\n\n<div class=\"wp-block-column is-layout-flow wp-block-column-is-layout-flow\">\n<figure class=\"wp-block-image aligncenter size-full\"><img loading=\"lazy\" decoding=\"async\" width=\"400\" height=\"400\" src=\"https:\/\/transport-schaefer.de\/wp-content\/uploads\/2022\/06\/map-1.jpg\" alt=\"\" class=\"wp-image-568\" srcset=\"https:\/\/transport-schaefer.de\/wp-content\/uploads\/2022\/06\/map-1.jpg 400w, https:\/\/transport-schaefer.de\/wp-content\/uploads\/2022\/06\/map-1-300x300.jpg 300w, https:\/\/transport-schaefer.de\/wp-content\/uploads\/2022\/06\/map-1-150x150.jpg 150w\" sizes=\"auto, (max-width: 400px) 100vw, 400px\" \/><\/figure>\n\n\n\n<p><\/p>\n<\/div>\n<\/div>\n<\/div>\n<\/div>\n\n\n\n<p><\/p>\n\n\n\n<div class=\"wp-block-columns is-layout-flex wp-container-core-columns-is-layout-28f84493 wp-block-columns-is-layout-flex\">\n<div class=\"wp-block-column is-layout-flow wp-block-column-is-layout-flow\">\n<div class=\"wp-block-columns is-layout-flex wp-container-core-columns-is-layout-28f84493 wp-block-columns-is-layout-flex\">\n<div class=\"wp-block-column is-layout-flow wp-block-column-is-layout-flow\">\n<figure class=\"wp-block-image size-full\"><img loading=\"lazy\" decoding=\"async\" width=\"245\" height=\"160\" src=\"https:\/\/transport-schaefer.de\/wp-content\/uploads\/2022\/06\/contact_adr.gif\" alt=\"\" class=\"wp-image-563\"\/><\/figure>\n<\/div>\n\n\n\n<div class=\"wp-block-column is-layout-flow wp-block-column-is-layout-flow\">\n<figure class=\"wp-block-image size-full\"><a href=\"mailto: info@transport-schaefer.de\"><img loading=\"lazy\" decoding=\"async\" width=\"245\" height=\"160\" src=\"https:\/\/transport-schaefer.de\/wp-content\/uploads\/2022\/09\/contact_mail_b.gif\" alt=\"\" class=\"wp-image-611\"\/><\/a><\/figure>\n<\/div>\n<\/div>\n<\/div>\n\n\n\n<div class=\"wp-block-column is-layout-flow wp-block-column-is-layout-flow\">\n<div class=\"wp-block-columns is-layout-flex wp-container-core-columns-is-layout-28f84493 wp-block-columns-is-layout-flex\">\n<div class=\"wp-block-column is-layout-flow wp-block-column-is-layout-flow\">\n<figure class=\"wp-block-image size-full\"><img loading=\"lazy\" decoding=\"async\" width=\"245\" height=\"160\" src=\"https:\/\/transport-schaefer.de\/wp-content\/uploads\/2022\/06\/contact_mob.gif\" alt=\"\" class=\"wp-image-566\"\/><\/figure>\n<\/div>\n\n\n\n<div class=\"wp-block-column is-layout-flow wp-block-column-is-layout-flow\"><\/div>\n<\/div>\n<\/div>\n<\/div>\n\n\n\n<div style=\"height:25px\" aria-hidden=\"true\" class=\"wp-block-spacer\"><\/div>\n\n\n\n<p><\/p>\n","protected":false},"excerpt":{"rendered":"<p>KONTAKT Schreiben Sie uns! &nbsp;<\/p>\n","protected":false},"author":1,"featured_media":0,"parent":0,"menu_order":0,"comment_status":"closed","ping_status":"closed","template":"","meta":{"_uag_custom_page_level_css":"","site-sidebar-layout":"default","site-content-layout":"","ast-site-content-layout":"default","site-content-style":"default","site-sidebar-style":"default","ast-global-header-display":"","ast-banner-title-visibility":"","ast-main-header-display":"","ast-hfb-above-header-display":"","ast-hfb-below-header-display":"","ast-hfb-mobile-header-display":"","site-post-title":"disabled","ast-breadcrumbs-content":"","ast-featured-img":"","footer-sml-layout":"","ast-disable-related-posts":"","theme-transparent-header-meta":"","adv-header-id-meta":"","stick-header-meta":"","header-above-stick-meta":"","header-main-stick-meta":"","header-below-stick-meta":"","astra-migrate-meta-layouts":"set","ast-page-background-enabled":"default","ast-page-background-meta":{"desktop":{"background-color":"var(--ast-global-color-4)","background-image":"","background-repeat":"repeat","background-position":"center center","background-size":"auto","background-attachment":"scroll","background-type":"","background-media":"","overlay-type":"","overlay-color":"","overlay-opacity":"","overlay-gradient":""},"tablet":{"background-color":"","background-image":"","background-repeat":"repeat","background-position":"center center","background-size":"auto","background-attachment":"scroll","background-type":"","background-media":"","overlay-type":"","overlay-color":"","overlay-opacity":"","overlay-gradient":""},"mobile":{"background-color":"","background-image":"","background-repeat":"repeat","background-position":"center center","background-size":"auto","background-attachment":"scroll","background-type":"","background-media":"","overlay-type":"","overlay-color":"","overlay-opacity":"","overlay-gradient":""}},"ast-content-background-meta":{"desktop":{"background-color":"var(--ast-global-color-5)","background-image":"","background-repeat":"repeat","background-position":"center center","background-size":"auto","background-attachment":"scroll","background-type":"","background-media":"","overlay-type":"","overlay-color":"","overlay-opacity":"","overlay-gradient":""},"tablet":{"background-color":"var(--ast-global-color-5)","background-image":"","background-repeat":"repeat","background-position":"center center","background-size":"auto","background-attachment":"scroll","background-type":"","background-media":"","overlay-type":"","overlay-color":"","overlay-opacity":"","overlay-gradient":""},"mobile":{"background-color":"var(--ast-global-color-5)","background-image":"","background-repeat":"repeat","background-position":"center center","background-size":"auto","background-attachment":"scroll","background-type":"","background-media":"","overlay-type":"","overlay-color":"","overlay-opacity":"","overlay-gradient":""}},"footnotes":""},"class_list":["post-187","page","type-page","status-publish","hentry"],"yoast_head":"<!-- This site is optimized with the Yoast SEO plugin v27.4 - https:\/\/yoast.com\/product\/yoast-seo-wordpress\/ -->\n<title>Kontakt - Transport-Sch\u00e4fer<\/title>\n<meta name=\"robots\" content=\"index, follow, max-snippet:-1, max-image-preview:large, max-video-preview:-1\" \/>\n<link rel=\"canonical\" href=\"https:\/\/transport-schaefer.de\/?page_id=187\" \/>\n<meta property=\"og:locale\" content=\"de_DE\" \/>\n<meta property=\"og:type\" content=\"article\" \/>\n<meta property=\"og:title\" content=\"Kontakt - Transport-Sch\u00e4fer\" \/>\n<meta property=\"og:description\" content=\"KONTAKT Schreiben Sie uns! &nbsp;\" \/>\n<meta property=\"og:url\" content=\"https:\/\/transport-schaefer.de\/?page_id=187\" \/>\n<meta property=\"og:site_name\" content=\"Transport-Sch\u00e4fer\" \/>\n<meta property=\"article:modified_time\" content=\"2025-11-12T20:32:18+00:00\" \/>\n<meta property=\"og:image\" content=\"https:\/\/transport-schaefer.de\/wp-content\/uploads\/2022\/06\/map-1.jpg\" \/>\n\t<meta property=\"og:image:width\" content=\"400\" \/>\n\t<meta property=\"og:image:height\" content=\"400\" \/>\n\t<meta property=\"og:image:type\" content=\"image\/jpeg\" \/>\n<meta name=\"twitter:card\" content=\"summary_large_image\" \/>\n<meta name=\"twitter:label1\" content=\"Gesch\u00e4tzte Lesezeit\" \/>\n\t<meta name=\"twitter:data1\" content=\"1\u00a0Minute\" \/>\n<script type=\"application\/ld+json\" class=\"yoast-schema-graph\">{\"@context\":\"https:\\\/\\\/schema.org\",\"@graph\":[{\"@type\":\"WebPage\",\"@id\":\"https:\\\/\\\/transport-schaefer.de\\\/?page_id=187\",\"url\":\"https:\\\/\\\/transport-schaefer.de\\\/?page_id=187\",\"name\":\"Kontakt - Transport-Sch\u00e4fer\",\"isPartOf\":{\"@id\":\"https:\\\/\\\/transport-schaefer.de\\\/#website\"},\"primaryImageOfPage\":{\"@id\":\"https:\\\/\\\/transport-schaefer.de\\\/?page_id=187#primaryimage\"},\"image\":{\"@id\":\"https:\\\/\\\/transport-schaefer.de\\\/?page_id=187#primaryimage\"},\"thumbnailUrl\":\"https:\\\/\\\/transport-schaefer.de\\\/wp-content\\\/uploads\\\/2022\\\/06\\\/map-1.jpg\",\"datePublished\":\"2022-05-31T09:38:02+00:00\",\"dateModified\":\"2025-11-12T20:32:18+00:00\",\"breadcrumb\":{\"@id\":\"https:\\\/\\\/transport-schaefer.de\\\/?page_id=187#breadcrumb\"},\"inLanguage\":\"de\",\"potentialAction\":[{\"@type\":\"ReadAction\",\"target\":[\"https:\\\/\\\/transport-schaefer.de\\\/?page_id=187\"]}]},{\"@type\":\"ImageObject\",\"inLanguage\":\"de\",\"@id\":\"https:\\\/\\\/transport-schaefer.de\\\/?page_id=187#primaryimage\",\"url\":\"https:\\\/\\\/transport-schaefer.de\\\/wp-content\\\/uploads\\\/2022\\\/06\\\/map-1.jpg\",\"contentUrl\":\"https:\\\/\\\/transport-schaefer.de\\\/wp-content\\\/uploads\\\/2022\\\/06\\\/map-1.jpg\",\"width\":400,\"height\":400},{\"@type\":\"BreadcrumbList\",\"@id\":\"https:\\\/\\\/transport-schaefer.de\\\/?page_id=187#breadcrumb\",\"itemListElement\":[{\"@type\":\"ListItem\",\"position\":1,\"name\":\"Startseite\",\"item\":\"https:\\\/\\\/transport-schaefer.de\\\/\"},{\"@type\":\"ListItem\",\"position\":2,\"name\":\"Kontakt\"}]},{\"@type\":\"WebSite\",\"@id\":\"https:\\\/\\\/transport-schaefer.de\\\/#website\",\"url\":\"https:\\\/\\\/transport-schaefer.de\\\/\",\"name\":\"Transport-Sch\u00e4fer\",\"description\":\"Just another WordPress site\",\"publisher\":{\"@id\":\"https:\\\/\\\/transport-schaefer.de\\\/#organization\"},\"potentialAction\":[{\"@type\":\"SearchAction\",\"target\":{\"@type\":\"EntryPoint\",\"urlTemplate\":\"https:\\\/\\\/transport-schaefer.de\\\/?s={search_term_string}\"},\"query-input\":{\"@type\":\"PropertyValueSpecification\",\"valueRequired\":true,\"valueName\":\"search_term_string\"}}],\"inLanguage\":\"de\"},{\"@type\":\"Organization\",\"@id\":\"https:\\\/\\\/transport-schaefer.de\\\/#organization\",\"name\":\"Transport-Sch\u00e4fer\",\"url\":\"https:\\\/\\\/transport-schaefer.de\\\/\",\"logo\":{\"@type\":\"ImageObject\",\"inLanguage\":\"de\",\"@id\":\"https:\\\/\\\/transport-schaefer.de\\\/#\\\/schema\\\/logo\\\/image\\\/\",\"url\":\"https:\\\/\\\/transport-schaefer.de\\\/wp-content\\\/uploads\\\/2022\\\/05\\\/Logo-Schaefer-1.png\",\"contentUrl\":\"https:\\\/\\\/transport-schaefer.de\\\/wp-content\\\/uploads\\\/2022\\\/05\\\/Logo-Schaefer-1.png\",\"width\":290,\"height\":75,\"caption\":\"Transport-Sch\u00e4fer\"},\"image\":{\"@id\":\"https:\\\/\\\/transport-schaefer.de\\\/#\\\/schema\\\/logo\\\/image\\\/\"}}]}<\/script>\n<!-- \/ Yoast SEO plugin. -->","yoast_head_json":{"title":"Kontakt - Transport-Sch\u00e4fer","robots":{"index":"index","follow":"follow","max-snippet":"max-snippet:-1","max-image-preview":"max-image-preview:large","max-video-preview":"max-video-preview:-1"},"canonical":"https:\/\/transport-schaefer.de\/?page_id=187","og_locale":"de_DE","og_type":"article","og_title":"Kontakt - Transport-Sch\u00e4fer","og_description":"KONTAKT Schreiben Sie uns! &nbsp;","og_url":"https:\/\/transport-schaefer.de\/?page_id=187","og_site_name":"Transport-Sch\u00e4fer","article_modified_time":"2025-11-12T20:32:18+00:00","og_image":[{"width":400,"height":400,"url":"https:\/\/transport-schaefer.de\/wp-content\/uploads\/2022\/06\/map-1.jpg","type":"image\/jpeg"}],"twitter_card":"summary_large_image","twitter_misc":{"Gesch\u00e4tzte Lesezeit":"1\u00a0Minute"},"schema":{"@context":"https:\/\/schema.org","@graph":[{"@type":"WebPage","@id":"https:\/\/transport-schaefer.de\/?page_id=187","url":"https:\/\/transport-schaefer.de\/?page_id=187","name":"Kontakt - Transport-Sch\u00e4fer","isPartOf":{"@id":"https:\/\/transport-schaefer.de\/#website"},"primaryImageOfPage":{"@id":"https:\/\/transport-schaefer.de\/?page_id=187#primaryimage"},"image":{"@id":"https:\/\/transport-schaefer.de\/?page_id=187#primaryimage"},"thumbnailUrl":"https:\/\/transport-schaefer.de\/wp-content\/uploads\/2022\/06\/map-1.jpg","datePublished":"2022-05-31T09:38:02+00:00","dateModified":"2025-11-12T20:32:18+00:00","breadcrumb":{"@id":"https:\/\/transport-schaefer.de\/?page_id=187#breadcrumb"},"inLanguage":"de","potentialAction":[{"@type":"ReadAction","target":["https:\/\/transport-schaefer.de\/?page_id=187"]}]},{"@type":"ImageObject","inLanguage":"de","@id":"https:\/\/transport-schaefer.de\/?page_id=187#primaryimage","url":"https:\/\/transport-schaefer.de\/wp-content\/uploads\/2022\/06\/map-1.jpg","contentUrl":"https:\/\/transport-schaefer.de\/wp-content\/uploads\/2022\/06\/map-1.jpg","width":400,"height":400},{"@type":"BreadcrumbList","@id":"https:\/\/transport-schaefer.de\/?page_id=187#breadcrumb","itemListElement":[{"@type":"ListItem","position":1,"name":"Startseite","item":"https:\/\/transport-schaefer.de\/"},{"@type":"ListItem","position":2,"name":"Kontakt"}]},{"@type":"WebSite","@id":"https:\/\/transport-schaefer.de\/#website","url":"https:\/\/transport-schaefer.de\/","name":"Transport-Sch\u00e4fer","description":"Just another WordPress site","publisher":{"@id":"https:\/\/transport-schaefer.de\/#organization"},"potentialAction":[{"@type":"SearchAction","target":{"@type":"EntryPoint","urlTemplate":"https:\/\/transport-schaefer.de\/?s={search_term_string}"},"query-input":{"@type":"PropertyValueSpecification","valueRequired":true,"valueName":"search_term_string"}}],"inLanguage":"de"},{"@type":"Organization","@id":"https:\/\/transport-schaefer.de\/#organization","name":"Transport-Sch\u00e4fer","url":"https:\/\/transport-schaefer.de\/","logo":{"@type":"ImageObject","inLanguage":"de","@id":"https:\/\/transport-schaefer.de\/#\/schema\/logo\/image\/","url":"https:\/\/transport-schaefer.de\/wp-content\/uploads\/2022\/05\/Logo-Schaefer-1.png","contentUrl":"https:\/\/transport-schaefer.de\/wp-content\/uploads\/2022\/05\/Logo-Schaefer-1.png","width":290,"height":75,"caption":"Transport-Sch\u00e4fer"},"image":{"@id":"https:\/\/transport-schaefer.de\/#\/schema\/logo\/image\/"}}]}},"uagb_featured_image_src":{"full":false,"thumbnail":false,"medium":false,"medium_large":false,"large":false,"1536x1536":false,"2048x2048":false},"uagb_author_info":{"display_name":"admin","author_link":"https:\/\/transport-schaefer.de\/?author=1"},"uagb_comment_info":0,"uagb_excerpt":"KONTAKT Schreiben Sie uns! &nbsp;","_links":{"self":[{"href":"https:\/\/transport-schaefer.de\/index.php?rest_route=\/wp\/v2\/pages\/187","targetHints":{"allow":["GET"]}}],"collection":[{"href":"https:\/\/transport-schaefer.de\/index.php?rest_route=\/wp\/v2\/pages"}],"about":[{"href":"https:\/\/transport-schaefer.de\/index.php?rest_route=\/wp\/v2\/types\/page"}],"author":[{"embeddable":true,"href":"https:\/\/transport-schaefer.de\/index.php?rest_route=\/wp\/v2\/users\/1"}],"replies":[{"embeddable":true,"href":"https:\/\/transport-schaefer.de\/index.php?rest_route=%2Fwp%2Fv2%2Fcomments&post=187"}],"version-history":[{"count":79,"href":"https:\/\/transport-schaefer.de\/index.php?rest_route=\/wp\/v2\/pages\/187\/revisions"}],"predecessor-version":[{"id":650,"href":"https:\/\/transport-schaefer.de\/index.php?rest_route=\/wp\/v2\/pages\/187\/revisions\/650"}],"wp:attachment":[{"href":"https:\/\/transport-schaefer.de\/index.php?rest_route=%2Fwp%2Fv2%2Fmedia&parent=187"}],"curies":[{"name":"wp","href":"https:\/\/api.w.org\/{rel}","templated":true}]}}