{"id":224,"date":"2022-05-30T11:03:36","date_gmt":"2022-05-30T11:03:36","guid":{"rendered":"https:\/\/transport-schaefer.de\/wordpress\/?page_id=224"},"modified":"2022-06-03T05:23:13","modified_gmt":"2022-06-03T05:23:13","slug":"home","status":"publish","type":"page","link":"https:\/\/transport-schaefer.de\/","title":{"rendered":"Home"},"content":{"rendered":"\n<figure class=\"wp-block-image alignwide size-full is-style-default\"><img loading=\"lazy\" decoding=\"async\" width=\"1900\" height=\"790\" src=\"https:\/\/transport-schaefer.de\/wordpress\/wp-content\/uploads\/2022\/05\/slider_01.jpg\" alt=\"\" class=\"wp-image-34\" srcset=\"https:\/\/transport-schaefer.de\/wp-content\/uploads\/2022\/05\/slider_01.jpg 1900w, https:\/\/transport-schaefer.de\/wp-content\/uploads\/2022\/05\/slider_01-300x125.jpg 300w, https:\/\/transport-schaefer.de\/wp-content\/uploads\/2022\/05\/slider_01-1024x426.jpg 1024w, https:\/\/transport-schaefer.de\/wp-content\/uploads\/2022\/05\/slider_01-768x319.jpg 768w, https:\/\/transport-schaefer.de\/wp-content\/uploads\/2022\/05\/slider_01-1536x639.jpg 1536w\" sizes=\"auto, (max-width: 1900px) 100vw, 1900px\" \/><\/figure>\n\n\n\n<h3 class=\"has-text-align-center has-ast-global-color-0-color has-text-color wp-block-heading\">Transport &amp; Logistik W. Sch\u00e4fer: Bundesweite Transporte<\/h3>\n\n\n\n<p style=\"line-height:1.4\">Als bundesweit t\u00e4tiges Unternehmen sind wir Ihr kompetenter und verl\u00e4sslicher Partner f\u00fcr s\u00e4mtliche Dienstleistungen im Transport- und Logistik-Bereich. <strong>Transport &amp; Logistik W. Sch\u00e4fer mit Sitz in H\u00fcrth<\/strong> bietet unter anderem Kurier- und Sonderfahrten, Werkstattfahrten, Zulassungsdienst und Fahrzeug\u00fcberf\u00fchrung auf eigener Achse an.<\/p>\n\n\n\n<p class=\"has-text-align-center has-ast-global-color-4-color has-ast-global-color-0-background-color has-text-color has-background has-medium-font-size\" style=\"line-height:1\">Qualit\u00e4t ist essentiell im Transportgesch\u00e4ft<\/p>\n\n\n\n<p style=\"line-height:1.4\">Flexibilit\u00e4t ist das A &amp; O in unserem Gesch\u00e4ft \u2013 was wir machen, ist nicht immer planbar. <strong>Es gilt, schnell zu reagieren und kurzfristig das scheinbar Unm\u00f6gliche m\u00f6glich zu machen.<\/strong> Daf\u00fcr sch\u00e4tzen uns unsere Kunden \u2013 bundesweit. Au\u00dferdem sch\u00e4tzen Sie unseren hohen Qualit\u00e4tsanspruch. <strong>Zuverl\u00e4ssigkeit, P\u00fcnktlichkeit und sorgf\u00e4ltiger Umgang mit den Fahrzeugen sind f\u00fcr uns selbstverst\u00e4ndlich,<\/strong> au\u00dferdem werden alle unsere Mitarbeiter regelm\u00e4\u00dfig geschult. \u00dcberlassen Sie uns Organisation und Disposition und konzentrieren Sie sich auf Ihr Kerngesch\u00e4ft.<\/p>\n\n\n\n<p><\/p>\n\n\n\n<p><\/p>\n\n\n\n<div class=\"wp-block-columns is-layout-flex wp-container-core-columns-is-layout-28f84493 wp-block-columns-is-layout-flex\">\n<div class=\"wp-block-column is-layout-flow wp-block-column-is-layout-flow\" style=\"padding-top:5px;flex-basis:35%\">\n<p class=\"has-text-align-left\" style=\"line-height:1.5\">Verschaffen Sie sich auf unserer Website einen \u00dcberblick \u00fcber unsere Leistungen und unser Unternehmen.<br><strong>Wir nehmen uns Zeit f\u00fcr ein pers\u00f6nliches Gespr\u00e4ch und umfassende Beratung.<\/strong><br>Transport- und Logistik-Auftr\u00e4ge sind Vertrauenssache.<\/p>\n\n\n\n<p class=\"has-text-align-center has-ast-global-color-0-color has-text-color\" style=\"font-size:16px;line-height:1.5\">vertrauen Sie auf:<br><strong>Transport &amp; Logistik W. Sch\u00e4fer<\/strong><br>in H\u00fcrth.<\/p>\n<\/div>\n\n\n\n<div class=\"wp-block-column is-layout-flow wp-block-column-is-layout-flow\" style=\"flex-basis:65%\">\n<figure class=\"wp-block-image size-full is-resized is-style-rounded\"><img loading=\"lazy\" decoding=\"async\" src=\"https:\/\/transport-schaefer.de\/wordpress\/wp-content\/uploads\/2022\/05\/transport-logistik-schaefer-panorama.jpg\" alt=\"\" class=\"wp-image-227\" width=\"548\" height=\"274\" srcset=\"https:\/\/transport-schaefer.de\/wp-content\/uploads\/2022\/05\/transport-logistik-schaefer-panorama.jpg 600w, https:\/\/transport-schaefer.de\/wp-content\/uploads\/2022\/05\/transport-logistik-schaefer-panorama-300x150.jpg 300w\" sizes=\"auto, (max-width: 548px) 100vw, 548px\" \/><\/figure>\n<\/div>\n<\/div>\n\n\n\n<p><\/p>\n\n\n\n<hr class=\"wp-block-separator alignwide has-text-color has-ast-global-color-0-color has-alpha-channel-opacity has-ast-global-color-0-background-color has-background is-style-wide\"\/>\n\n\n\n<p><\/p>\n\n\n\n<div class=\"wp-block-columns is-layout-flex wp-container-core-columns-is-layout-c6bc58be wp-block-columns-is-layout-flex\" style=\"padding-top:0px;padding-right:0px;padding-bottom:0px;padding-left:0px\">\n<div class=\"wp-block-column is-layout-flow wp-block-column-is-layout-flow\" style=\"flex-basis:50%\">\n<div class=\"wp-block-columns is-layout-flex wp-container-core-columns-is-layout-28f84493 wp-block-columns-is-layout-flex\">\n<div class=\"wp-block-column is-layout-flow wp-block-column-is-layout-flow\" style=\"flex-basis:100%\">\n<p class=\"has-text-align-center has-ast-global-color-0-color has-text-color\">Gerne unterbreiten wir Ihnen ein &#8211; INDIVIDUELLES ANGEBOT.<\/p>\n<\/div>\n<\/div>\n<\/div>\n\n\n\n<div class=\"wp-block-column is-layout-flow wp-block-column-is-layout-flow\" style=\"flex-basis:50%\">\n<div class=\"wp-block-buttons is-layout-flex wp-block-buttons-is-layout-flex\">\n<div class=\"wp-block-button has-custom-width wp-block-button__width-50 has-custom-font-size is-style-fill\" style=\"font-size:15px\"><a class=\"wp-block-button__link\" href=\"https:\/\/transport-schaefer.de\/wordpress\/?page_id=187\" style=\"padding-top:5px;padding-right:5px;padding-bottom:5px;padding-left:5px\">Kontaktieren Sie uns<\/a><\/div>\n<\/div>\n<\/div>\n<\/div>\n","protected":false},"excerpt":{"rendered":"<p>Transport &amp; Logistik W. Sch\u00e4fer: Bundesweite Transporte Als bundesweit t\u00e4tiges Unternehmen sind wir Ihr kompetenter und verl\u00e4sslicher Partner f\u00fcr s\u00e4mtliche Dienstleistungen im Transport- und Logistik-Bereich. Transport &amp; Logistik W. Sch\u00e4fer mit Sitz in H\u00fcrth bietet unter anderem Kurier- und Sonderfahrten, Werkstattfahrten, Zulassungsdienst und Fahrzeug\u00fcberf\u00fchrung auf eigener Achse an. Qualit\u00e4t ist essentiell im Transportgesch\u00e4ft Flexibilit\u00e4t ist [&hellip;]<\/p>\n","protected":false},"author":1,"featured_media":0,"parent":0,"menu_order":0,"comment_status":"closed","ping_status":"closed","template":"","meta":{"_uag_custom_page_level_css":"","site-sidebar-layout":"default","site-content-layout":"","ast-site-content-layout":"default","site-content-style":"default","site-sidebar-style":"default","ast-global-header-display":"","ast-banner-title-visibility":"","ast-main-header-display":"","ast-hfb-above-header-display":"","ast-hfb-below-header-display":"","ast-hfb-mobile-header-display":"","site-post-title":"disabled","ast-breadcrumbs-content":"","ast-featured-img":"","footer-sml-layout":"","ast-disable-related-posts":"","theme-transparent-header-meta":"","adv-header-id-meta":"","stick-header-meta":"","header-above-stick-meta":"","header-main-stick-meta":"","header-below-stick-meta":"","astra-migrate-meta-layouts":"default","ast-page-background-enabled":"default","ast-page-background-meta":{"desktop":{"background-color":"var(--ast-global-color-4)","background-image":"","background-repeat":"repeat","background-position":"center center","background-size":"auto","background-attachment":"scroll","background-type":"","background-media":"","overlay-type":"","overlay-color":"","overlay-opacity":"","overlay-gradient":""},"tablet":{"background-color":"","background-image":"","background-repeat":"repeat","background-position":"center center","background-size":"auto","background-attachment":"scroll","background-type":"","background-media":"","overlay-type":"","overlay-color":"","overlay-opacity":"","overlay-gradient":""},"mobile":{"background-color":"","background-image":"","background-repeat":"repeat","background-position":"center center","background-size":"auto","background-attachment":"scroll","background-type":"","background-media":"","overlay-type":"","overlay-color":"","overlay-opacity":"","overlay-gradient":""}},"ast-content-background-meta":{"desktop":{"background-color":"var(--ast-global-color-5)","background-image":"","background-repeat":"repeat","background-position":"center center","background-size":"auto","background-attachment":"scroll","background-type":"","background-media":"","overlay-type":"","overlay-color":"","overlay-opacity":"","overlay-gradient":""},"tablet":{"background-color":"var(--ast-global-color-5)","background-image":"","background-repeat":"repeat","background-position":"center center","background-size":"auto","background-attachment":"scroll","background-type":"","background-media":"","overlay-type":"","overlay-color":"","overlay-opacity":"","overlay-gradient":""},"mobile":{"background-color":"var(--ast-global-color-5)","background-image":"","background-repeat":"repeat","background-position":"center center","background-size":"auto","background-attachment":"scroll","background-type":"","background-media":"","overlay-type":"","overlay-color":"","overlay-opacity":"","overlay-gradient":""}},"footnotes":""},"class_list":["post-224","page","type-page","status-publish","hentry"],"yoast_head":"<!-- This site is optimized with the Yoast SEO plugin v27.4 - https:\/\/yoast.com\/product\/yoast-seo-wordpress\/ -->\n<title>Home - Transport-Sch\u00e4fer<\/title>\n<meta name=\"robots\" content=\"index, follow, max-snippet:-1, max-image-preview:large, max-video-preview:-1\" \/>\n<link rel=\"canonical\" href=\"https:\/\/transport-schaefer.de\/\" \/>\n<meta property=\"og:locale\" content=\"de_DE\" \/>\n<meta property=\"og:type\" content=\"article\" \/>\n<meta property=\"og:title\" content=\"Home - Transport-Sch\u00e4fer\" \/>\n<meta property=\"og:description\" content=\"Transport &amp; Logistik W. Sch\u00e4fer: Bundesweite Transporte Als bundesweit t\u00e4tiges Unternehmen sind wir Ihr kompetenter und verl\u00e4sslicher Partner f\u00fcr s\u00e4mtliche Dienstleistungen im Transport- und Logistik-Bereich. Transport &amp; Logistik W. Sch\u00e4fer mit Sitz in H\u00fcrth bietet unter anderem Kurier- und Sonderfahrten, Werkstattfahrten, Zulassungsdienst und Fahrzeug\u00fcberf\u00fchrung auf eigener Achse an. Qualit\u00e4t ist essentiell im Transportgesch\u00e4ft Flexibilit\u00e4t ist [&hellip;]\" \/>\n<meta property=\"og:url\" content=\"https:\/\/transport-schaefer.de\/\" \/>\n<meta property=\"og:site_name\" content=\"Transport-Sch\u00e4fer\" \/>\n<meta property=\"article:modified_time\" content=\"2022-06-03T05:23:13+00:00\" \/>\n<meta property=\"og:image\" content=\"https:\/\/transport-schaefer.de\/wordpress\/wp-content\/uploads\/2022\/05\/slider_01.jpg\" \/>\n<meta name=\"twitter:card\" content=\"summary_large_image\" \/>\n<meta name=\"twitter:label1\" content=\"Gesch\u00e4tzte Lesezeit\" \/>\n\t<meta name=\"twitter:data1\" content=\"1\u00a0Minute\" \/>\n<script type=\"application\/ld+json\" class=\"yoast-schema-graph\">{\"@context\":\"https:\\\/\\\/schema.org\",\"@graph\":[{\"@type\":\"WebPage\",\"@id\":\"https:\\\/\\\/transport-schaefer.de\\\/\",\"url\":\"https:\\\/\\\/transport-schaefer.de\\\/\",\"name\":\"Home - Transport-Sch\u00e4fer\",\"isPartOf\":{\"@id\":\"https:\\\/\\\/transport-schaefer.de\\\/#website\"},\"primaryImageOfPage\":{\"@id\":\"https:\\\/\\\/transport-schaefer.de\\\/#primaryimage\"},\"image\":{\"@id\":\"https:\\\/\\\/transport-schaefer.de\\\/#primaryimage\"},\"thumbnailUrl\":\"https:\\\/\\\/transport-schaefer.de\\\/wordpress\\\/wp-content\\\/uploads\\\/2022\\\/05\\\/slider_01.jpg\",\"datePublished\":\"2022-05-30T11:03:36+00:00\",\"dateModified\":\"2022-06-03T05:23:13+00:00\",\"breadcrumb\":{\"@id\":\"https:\\\/\\\/transport-schaefer.de\\\/#breadcrumb\"},\"inLanguage\":\"de\",\"potentialAction\":[{\"@type\":\"ReadAction\",\"target\":[\"https:\\\/\\\/transport-schaefer.de\\\/\"]}]},{\"@type\":\"ImageObject\",\"inLanguage\":\"de\",\"@id\":\"https:\\\/\\\/transport-schaefer.de\\\/#primaryimage\",\"url\":\"https:\\\/\\\/transport-schaefer.de\\\/wordpress\\\/wp-content\\\/uploads\\\/2022\\\/05\\\/slider_01.jpg\",\"contentUrl\":\"https:\\\/\\\/transport-schaefer.de\\\/wordpress\\\/wp-content\\\/uploads\\\/2022\\\/05\\\/slider_01.jpg\"},{\"@type\":\"BreadcrumbList\",\"@id\":\"https:\\\/\\\/transport-schaefer.de\\\/#breadcrumb\",\"itemListElement\":[{\"@type\":\"ListItem\",\"position\":1,\"name\":\"Startseite\",\"item\":\"https:\\\/\\\/transport-schaefer.de\\\/\"},{\"@type\":\"ListItem\",\"position\":2,\"name\":\"Home\"}]},{\"@type\":\"WebSite\",\"@id\":\"https:\\\/\\\/transport-schaefer.de\\\/#website\",\"url\":\"https:\\\/\\\/transport-schaefer.de\\\/\",\"name\":\"Transport-Sch\u00e4fer\",\"description\":\"Just another WordPress site\",\"publisher\":{\"@id\":\"https:\\\/\\\/transport-schaefer.de\\\/#organization\"},\"potentialAction\":[{\"@type\":\"SearchAction\",\"target\":{\"@type\":\"EntryPoint\",\"urlTemplate\":\"https:\\\/\\\/transport-schaefer.de\\\/?s={search_term_string}\"},\"query-input\":{\"@type\":\"PropertyValueSpecification\",\"valueRequired\":true,\"valueName\":\"search_term_string\"}}],\"inLanguage\":\"de\"},{\"@type\":\"Organization\",\"@id\":\"https:\\\/\\\/transport-schaefer.de\\\/#organization\",\"name\":\"Transport-Sch\u00e4fer\",\"url\":\"https:\\\/\\\/transport-schaefer.de\\\/\",\"logo\":{\"@type\":\"ImageObject\",\"inLanguage\":\"de\",\"@id\":\"https:\\\/\\\/transport-schaefer.de\\\/#\\\/schema\\\/logo\\\/image\\\/\",\"url\":\"https:\\\/\\\/transport-schaefer.de\\\/wp-content\\\/uploads\\\/2022\\\/05\\\/Logo-Schaefer-1.png\",\"contentUrl\":\"https:\\\/\\\/transport-schaefer.de\\\/wp-content\\\/uploads\\\/2022\\\/05\\\/Logo-Schaefer-1.png\",\"width\":290,\"height\":75,\"caption\":\"Transport-Sch\u00e4fer\"},\"image\":{\"@id\":\"https:\\\/\\\/transport-schaefer.de\\\/#\\\/schema\\\/logo\\\/image\\\/\"}}]}<\/script>\n<!-- \/ Yoast SEO plugin. -->","yoast_head_json":{"title":"Home - Transport-Sch\u00e4fer","robots":{"index":"index","follow":"follow","max-snippet":"max-snippet:-1","max-image-preview":"max-image-preview:large","max-video-preview":"max-video-preview:-1"},"canonical":"https:\/\/transport-schaefer.de\/","og_locale":"de_DE","og_type":"article","og_title":"Home - Transport-Sch\u00e4fer","og_description":"Transport &amp; Logistik W. Sch\u00e4fer: Bundesweite Transporte Als bundesweit t\u00e4tiges Unternehmen sind wir Ihr kompetenter und verl\u00e4sslicher Partner f\u00fcr s\u00e4mtliche Dienstleistungen im Transport- und Logistik-Bereich. Transport &amp; Logistik W. Sch\u00e4fer mit Sitz in H\u00fcrth bietet unter anderem Kurier- und Sonderfahrten, Werkstattfahrten, Zulassungsdienst und Fahrzeug\u00fcberf\u00fchrung auf eigener Achse an. Qualit\u00e4t ist essentiell im Transportgesch\u00e4ft Flexibilit\u00e4t ist [&hellip;]","og_url":"https:\/\/transport-schaefer.de\/","og_site_name":"Transport-Sch\u00e4fer","article_modified_time":"2022-06-03T05:23:13+00:00","og_image":[{"url":"https:\/\/transport-schaefer.de\/wordpress\/wp-content\/uploads\/2022\/05\/slider_01.jpg","type":"","width":"","height":""}],"twitter_card":"summary_large_image","twitter_misc":{"Gesch\u00e4tzte Lesezeit":"1\u00a0Minute"},"schema":{"@context":"https:\/\/schema.org","@graph":[{"@type":"WebPage","@id":"https:\/\/transport-schaefer.de\/","url":"https:\/\/transport-schaefer.de\/","name":"Home - Transport-Sch\u00e4fer","isPartOf":{"@id":"https:\/\/transport-schaefer.de\/#website"},"primaryImageOfPage":{"@id":"https:\/\/transport-schaefer.de\/#primaryimage"},"image":{"@id":"https:\/\/transport-schaefer.de\/#primaryimage"},"thumbnailUrl":"https:\/\/transport-schaefer.de\/wordpress\/wp-content\/uploads\/2022\/05\/slider_01.jpg","datePublished":"2022-05-30T11:03:36+00:00","dateModified":"2022-06-03T05:23:13+00:00","breadcrumb":{"@id":"https:\/\/transport-schaefer.de\/#breadcrumb"},"inLanguage":"de","potentialAction":[{"@type":"ReadAction","target":["https:\/\/transport-schaefer.de\/"]}]},{"@type":"ImageObject","inLanguage":"de","@id":"https:\/\/transport-schaefer.de\/#primaryimage","url":"https:\/\/transport-schaefer.de\/wordpress\/wp-content\/uploads\/2022\/05\/slider_01.jpg","contentUrl":"https:\/\/transport-schaefer.de\/wordpress\/wp-content\/uploads\/2022\/05\/slider_01.jpg"},{"@type":"BreadcrumbList","@id":"https:\/\/transport-schaefer.de\/#breadcrumb","itemListElement":[{"@type":"ListItem","position":1,"name":"Startseite","item":"https:\/\/transport-schaefer.de\/"},{"@type":"ListItem","position":2,"name":"Home"}]},{"@type":"WebSite","@id":"https:\/\/transport-schaefer.de\/#website","url":"https:\/\/transport-schaefer.de\/","name":"Transport-Sch\u00e4fer","description":"Just another WordPress site","publisher":{"@id":"https:\/\/transport-schaefer.de\/#organization"},"potentialAction":[{"@type":"SearchAction","target":{"@type":"EntryPoint","urlTemplate":"https:\/\/transport-schaefer.de\/?s={search_term_string}"},"query-input":{"@type":"PropertyValueSpecification","valueRequired":true,"valueName":"search_term_string"}}],"inLanguage":"de"},{"@type":"Organization","@id":"https:\/\/transport-schaefer.de\/#organization","name":"Transport-Sch\u00e4fer","url":"https:\/\/transport-schaefer.de\/","logo":{"@type":"ImageObject","inLanguage":"de","@id":"https:\/\/transport-schaefer.de\/#\/schema\/logo\/image\/","url":"https:\/\/transport-schaefer.de\/wp-content\/uploads\/2022\/05\/Logo-Schaefer-1.png","contentUrl":"https:\/\/transport-schaefer.de\/wp-content\/uploads\/2022\/05\/Logo-Schaefer-1.png","width":290,"height":75,"caption":"Transport-Sch\u00e4fer"},"image":{"@id":"https:\/\/transport-schaefer.de\/#\/schema\/logo\/image\/"}}]}},"uagb_featured_image_src":{"full":false,"thumbnail":false,"medium":false,"medium_large":false,"large":false,"1536x1536":false,"2048x2048":false},"uagb_author_info":{"display_name":"admin","author_link":"https:\/\/transport-schaefer.de\/?author=1"},"uagb_comment_info":0,"uagb_excerpt":"Transport &amp; Logistik W. Sch\u00e4fer: Bundesweite Transporte Als bundesweit t\u00e4tiges Unternehmen sind wir Ihr kompetenter und verl\u00e4sslicher Partner f\u00fcr s\u00e4mtliche Dienstleistungen im Transport- und Logistik-Bereich. Transport &amp; Logistik W. Sch\u00e4fer mit Sitz in H\u00fcrth bietet unter anderem Kurier- und Sonderfahrten, Werkstattfahrten, Zulassungsdienst und Fahrzeug\u00fcberf\u00fchrung auf eigener Achse an. Qualit\u00e4t ist essentiell im Transportgesch\u00e4ft Flexibilit\u00e4t ist&hellip;","_links":{"self":[{"href":"https:\/\/transport-schaefer.de\/index.php?rest_route=\/wp\/v2\/pages\/224","targetHints":{"allow":["GET"]}}],"collection":[{"href":"https:\/\/transport-schaefer.de\/index.php?rest_route=\/wp\/v2\/pages"}],"about":[{"href":"https:\/\/transport-schaefer.de\/index.php?rest_route=\/wp\/v2\/types\/page"}],"author":[{"embeddable":true,"href":"https:\/\/transport-schaefer.de\/index.php?rest_route=\/wp\/v2\/users\/1"}],"replies":[{"embeddable":true,"href":"https:\/\/transport-schaefer.de\/index.php?rest_route=%2Fwp%2Fv2%2Fcomments&post=224"}],"version-history":[{"count":28,"href":"https:\/\/transport-schaefer.de\/index.php?rest_route=\/wp\/v2\/pages\/224\/revisions"}],"predecessor-version":[{"id":535,"href":"https:\/\/transport-schaefer.de\/index.php?rest_route=\/wp\/v2\/pages\/224\/revisions\/535"}],"wp:attachment":[{"href":"https:\/\/transport-schaefer.de\/index.php?rest_route=%2Fwp%2Fv2%2Fmedia&parent=224"}],"curies":[{"name":"wp","href":"https:\/\/api.w.org\/{rel}","templated":true}]}}