{"id":634,"date":"2023-01-09T11:40:59","date_gmt":"2023-01-09T11:40:59","guid":{"rendered":"https:\/\/transport-schaefer.de\/?page_id=634"},"modified":"2023-01-09T11:41:00","modified_gmt":"2023-01-09T11:41:00","slug":"team-2","status":"publish","type":"page","link":"https:\/\/transport-schaefer.de\/?page_id=634","title":{"rendered":"Team"},"content":{"rendered":"\n<p class=\"has-text-align-center has-ast-global-color-4-color has-ast-global-color-0-background-color has-text-color has-background\" style=\"font-size:24px;letter-spacing:2px;line-height:1\">TEAM<\/p>\n\n\n\n<figure class=\"wp-block-image size-large\"><img loading=\"lazy\" decoding=\"async\" width=\"1024\" height=\"485\" src=\"https:\/\/transport-schaefer.de\/wp-content\/uploads\/2023\/01\/team-gesamt_1-1024x485.jpg\" alt=\"\" class=\"wp-image-640\" srcset=\"https:\/\/transport-schaefer.de\/wp-content\/uploads\/2023\/01\/team-gesamt_1-1024x485.jpg 1024w, https:\/\/transport-schaefer.de\/wp-content\/uploads\/2023\/01\/team-gesamt_1-300x142.jpg 300w, https:\/\/transport-schaefer.de\/wp-content\/uploads\/2023\/01\/team-gesamt_1-768x364.jpg 768w, https:\/\/transport-schaefer.de\/wp-content\/uploads\/2023\/01\/team-gesamt_1.jpg 1200w\" sizes=\"auto, (max-width: 1024px) 100vw, 1024px\" \/><\/figure>\n\n\n\n<h2 class=\"has-text-align-center has-ast-global-color-0-color has-text-color wp-block-heading\">Das Team von Transport &amp; Logistik W. SCH\u00c4FER<\/h2>\n\n\n\n<p class=\"has-text-align-center has-ast-global-color-0-color has-text-color\">R\u00f6merstra\u00dfe 1-3    \/    50354 H\u00fcrth    \/     0178 4514102<\/p>\n\n\n\n<div style=\"height:\" aria-hidden=\"true\" class=\"wp-block-spacer\"><\/div>\n\n\n\n<div class=\"wp-block-columns is-layout-flex wp-container-core-columns-is-layout-28f84493 wp-block-columns-is-layout-flex\">\n<div class=\"wp-block-column is-layout-flow wp-block-column-is-layout-flow\">\n<div class=\"wp-block-columns is-layout-flex wp-container-core-columns-is-layout-28f84493 wp-block-columns-is-layout-flex\">\n<div class=\"wp-block-column is-layout-flow wp-block-column-is-layout-flow\">\n<figure class=\"wp-block-image aligncenter size-full\"><img loading=\"lazy\" decoding=\"async\" width=\"250\" height=\"350\" src=\"https:\/\/transport-schaefer.de\/wp-content\/uploads\/2022\/12\/Team-1.jpg\" alt=\"\" class=\"wp-image-620\" srcset=\"https:\/\/transport-schaefer.de\/wp-content\/uploads\/2022\/12\/Team-1.jpg 250w, https:\/\/transport-schaefer.de\/wp-content\/uploads\/2022\/12\/Team-1-214x300.jpg 214w\" sizes=\"auto, (max-width: 250px) 100vw, 250px\" \/><\/figure>\n\n\n\n<p class=\"has-text-align-center has-ast-global-color-0-color has-text-color\" style=\"font-size:14px;line-height:1.1\"><strong>Wolfgang Sch\u00e4fer<\/strong><br>Geschaftsf\u00fchrung<\/p>\n<\/div>\n\n\n\n<div class=\"wp-block-column is-layout-flow wp-block-column-is-layout-flow\">\n<figure class=\"wp-block-image size-full\"><img loading=\"lazy\" decoding=\"async\" width=\"250\" height=\"350\" src=\"https:\/\/transport-schaefer.de\/wp-content\/uploads\/2022\/12\/Team-2.jpg\" alt=\"\" class=\"wp-image-621\" srcset=\"https:\/\/transport-schaefer.de\/wp-content\/uploads\/2022\/12\/Team-2.jpg 250w, https:\/\/transport-schaefer.de\/wp-content\/uploads\/2022\/12\/Team-2-214x300.jpg 214w\" sizes=\"auto, (max-width: 250px) 100vw, 250px\" \/><\/figure>\n<\/div>\n<\/div>\n<\/div>\n\n\n\n<div class=\"wp-block-column is-layout-flow wp-block-column-is-layout-flow\">\n<div class=\"wp-block-columns is-layout-flex wp-container-core-columns-is-layout-28f84493 wp-block-columns-is-layout-flex\">\n<div class=\"wp-block-column is-layout-flow wp-block-column-is-layout-flow\">\n<figure class=\"wp-block-image size-full\"><img loading=\"lazy\" decoding=\"async\" width=\"250\" height=\"350\" src=\"https:\/\/transport-schaefer.de\/wp-content\/uploads\/2022\/12\/Team-3.jpg\" alt=\"\" class=\"wp-image-622\" srcset=\"https:\/\/transport-schaefer.de\/wp-content\/uploads\/2022\/12\/Team-3.jpg 250w, https:\/\/transport-schaefer.de\/wp-content\/uploads\/2022\/12\/Team-3-214x300.jpg 214w\" sizes=\"auto, (max-width: 250px) 100vw, 250px\" \/><\/figure>\n<\/div>\n\n\n\n<div class=\"wp-block-column is-layout-flow wp-block-column-is-layout-flow\">\n<figure class=\"wp-block-image size-full\"><img loading=\"lazy\" decoding=\"async\" width=\"250\" height=\"350\" src=\"https:\/\/transport-schaefer.de\/wp-content\/uploads\/2022\/12\/Team-4.jpg\" alt=\"\" class=\"wp-image-623\" srcset=\"https:\/\/transport-schaefer.de\/wp-content\/uploads\/2022\/12\/Team-4.jpg 250w, https:\/\/transport-schaefer.de\/wp-content\/uploads\/2022\/12\/Team-4-214x300.jpg 214w\" sizes=\"auto, (max-width: 250px) 100vw, 250px\" \/><\/figure>\n<\/div>\n<\/div>\n<\/div>\n<\/div>\n\n\n\n<p class=\"has-black-color has-text-color\"><\/p>\n\n\n\n<div style=\"height:25px\" aria-hidden=\"true\" class=\"wp-block-spacer\"><\/div>\n\n\n\n<div style=\"height:\" aria-hidden=\"true\" class=\"wp-block-spacer\"><\/div>\n\n\n\n<div class=\"wp-block-columns is-layout-flex wp-container-core-columns-is-layout-28f84493 wp-block-columns-is-layout-flex\">\n<div class=\"wp-block-column is-layout-flow wp-block-column-is-layout-flow\">\n<div class=\"wp-block-columns is-layout-flex wp-container-core-columns-is-layout-28f84493 wp-block-columns-is-layout-flex\">\n<div class=\"wp-block-column is-layout-flow wp-block-column-is-layout-flow\">\n<figure class=\"wp-block-image aligncenter size-full\"><img loading=\"lazy\" decoding=\"async\" width=\"250\" height=\"350\" src=\"https:\/\/transport-schaefer.de\/wp-content\/uploads\/2022\/12\/Team-5.jpg\" alt=\"\" class=\"wp-image-624\" srcset=\"https:\/\/transport-schaefer.de\/wp-content\/uploads\/2022\/12\/Team-5.jpg 250w, https:\/\/transport-schaefer.de\/wp-content\/uploads\/2022\/12\/Team-5-214x300.jpg 214w\" sizes=\"auto, (max-width: 250px) 100vw, 250px\" \/><\/figure>\n\n\n\n<p class=\"has-text-align-center has-ast-global-color-0-color has-text-color\" style=\"font-size:14px;line-height:1.1\"><\/p>\n<\/div>\n\n\n\n<div class=\"wp-block-column is-layout-flow wp-block-column-is-layout-flow\">\n<figure class=\"wp-block-image size-full\"><img loading=\"lazy\" decoding=\"async\" width=\"250\" height=\"350\" src=\"https:\/\/transport-schaefer.de\/wp-content\/uploads\/2022\/12\/Team-6.jpg\" alt=\"\" class=\"wp-image-625\" srcset=\"https:\/\/transport-schaefer.de\/wp-content\/uploads\/2022\/12\/Team-6.jpg 250w, https:\/\/transport-schaefer.de\/wp-content\/uploads\/2022\/12\/Team-6-214x300.jpg 214w\" sizes=\"auto, (max-width: 250px) 100vw, 250px\" \/><\/figure>\n<\/div>\n<\/div>\n<\/div>\n\n\n\n<div class=\"wp-block-column is-layout-flow wp-block-column-is-layout-flow\">\n<div class=\"wp-block-columns is-layout-flex wp-container-core-columns-is-layout-28f84493 wp-block-columns-is-layout-flex\">\n<div class=\"wp-block-column is-layout-flow wp-block-column-is-layout-flow\">\n<figure class=\"wp-block-image size-full\"><img loading=\"lazy\" decoding=\"async\" width=\"250\" height=\"350\" src=\"https:\/\/transport-schaefer.de\/wp-content\/uploads\/2022\/12\/Team-7.jpg\" alt=\"\" class=\"wp-image-626\" srcset=\"https:\/\/transport-schaefer.de\/wp-content\/uploads\/2022\/12\/Team-7.jpg 250w, https:\/\/transport-schaefer.de\/wp-content\/uploads\/2022\/12\/Team-7-214x300.jpg 214w\" sizes=\"auto, (max-width: 250px) 100vw, 250px\" \/><\/figure>\n<\/div>\n\n\n\n<div class=\"wp-block-column is-layout-flow wp-block-column-is-layout-flow\">\n<figure class=\"wp-block-image size-full\"><img loading=\"lazy\" decoding=\"async\" width=\"250\" height=\"350\" src=\"https:\/\/transport-schaefer.de\/wp-content\/uploads\/2022\/12\/Team-8.jpg\" alt=\"\" class=\"wp-image-627\" srcset=\"https:\/\/transport-schaefer.de\/wp-content\/uploads\/2022\/12\/Team-8.jpg 250w, https:\/\/transport-schaefer.de\/wp-content\/uploads\/2022\/12\/Team-8-214x300.jpg 214w\" sizes=\"auto, (max-width: 250px) 100vw, 250px\" \/><\/figure>\n<\/div>\n<\/div>\n<\/div>\n<\/div>\n\n\n\n<div style=\"height:0px\" aria-hidden=\"true\" class=\"wp-block-spacer\"><\/div>\n\n\n\n<div style=\"height:40px\" aria-hidden=\"true\" class=\"wp-block-spacer\"><\/div>\n\n\n\n<div class=\"wp-block-columns is-layout-flex wp-container-core-columns-is-layout-28f84493 wp-block-columns-is-layout-flex\">\n<div class=\"wp-block-column is-layout-flow wp-block-column-is-layout-flow\">\n<figure class=\"wp-block-image aligncenter size-full\"><a href=\"mailto:info@transport-schaefer.de\"><img loading=\"lazy\" decoding=\"async\" width=\"323\" height=\"28\" src=\"https:\/\/transport-schaefer.de\/wp-content\/uploads\/2022\/06\/mail_button.jpg\" alt=\"\" class=\"wp-image-591\" srcset=\"https:\/\/transport-schaefer.de\/wp-content\/uploads\/2022\/06\/mail_button.jpg 323w, https:\/\/transport-schaefer.de\/wp-content\/uploads\/2022\/06\/mail_button-300x26.jpg 300w\" sizes=\"auto, (max-width: 323px) 100vw, 323px\" \/><\/a><\/figure>\n<\/div>\n<\/div>\n\n\n\n<p class=\"has-black-color has-text-color\"><\/p>\n\n\n\n<div style=\"height:65px\" aria-hidden=\"true\" class=\"wp-block-spacer\"><\/div>\n","protected":false},"excerpt":{"rendered":"<p>TEAM Das Team von Transport &amp; Logistik W. SCH\u00c4FER R\u00f6merstra\u00dfe 1-3 \/ 50354 H\u00fcrth \/ 0178 4514102 Wolfgang Sch\u00e4ferGeschaftsf\u00fchrung<\/p>\n","protected":false},"author":1,"featured_media":0,"parent":0,"menu_order":0,"comment_status":"closed","ping_status":"closed","template":"","meta":{"_uag_custom_page_level_css":"","site-sidebar-layout":"default","site-content-layout":"","ast-site-content-layout":"default","site-content-style":"default","site-sidebar-style":"default","ast-global-header-display":"","ast-banner-title-visibility":"","ast-main-header-display":"","ast-hfb-above-header-display":"","ast-hfb-below-header-display":"","ast-hfb-mobile-header-display":"","site-post-title":"disabled","ast-breadcrumbs-content":"","ast-featured-img":"","footer-sml-layout":"","ast-disable-related-posts":"","theme-transparent-header-meta":"","adv-header-id-meta":"","stick-header-meta":"","header-above-stick-meta":"","header-main-stick-meta":"","header-below-stick-meta":"","astra-migrate-meta-layouts":"default","ast-page-background-enabled":"default","ast-page-background-meta":{"desktop":{"background-color":"var(--ast-global-color-4)","background-image":"","background-repeat":"repeat","background-position":"center center","background-size":"auto","background-attachment":"scroll","background-type":"","background-media":"","overlay-type":"","overlay-color":"","overlay-opacity":"","overlay-gradient":""},"tablet":{"background-color":"","background-image":"","background-repeat":"repeat","background-position":"center center","background-size":"auto","background-attachment":"scroll","background-type":"","background-media":"","overlay-type":"","overlay-color":"","overlay-opacity":"","overlay-gradient":""},"mobile":{"background-color":"","background-image":"","background-repeat":"repeat","background-position":"center center","background-size":"auto","background-attachment":"scroll","background-type":"","background-media":"","overlay-type":"","overlay-color":"","overlay-opacity":"","overlay-gradient":""}},"ast-content-background-meta":{"desktop":{"background-color":"var(--ast-global-color-5)","background-image":"","background-repeat":"repeat","background-position":"center center","background-size":"auto","background-attachment":"scroll","background-type":"","background-media":"","overlay-type":"","overlay-color":"","overlay-opacity":"","overlay-gradient":""},"tablet":{"background-color":"var(--ast-global-color-5)","background-image":"","background-repeat":"repeat","background-position":"center center","background-size":"auto","background-attachment":"scroll","background-type":"","background-media":"","overlay-type":"","overlay-color":"","overlay-opacity":"","overlay-gradient":""},"mobile":{"background-color":"var(--ast-global-color-5)","background-image":"","background-repeat":"repeat","background-position":"center center","background-size":"auto","background-attachment":"scroll","background-type":"","background-media":"","overlay-type":"","overlay-color":"","overlay-opacity":"","overlay-gradient":""}},"footnotes":""},"class_list":["post-634","page","type-page","status-publish","hentry"],"yoast_head":"<!-- This site is optimized with the Yoast SEO plugin v27.4 - https:\/\/yoast.com\/product\/yoast-seo-wordpress\/ -->\n<title>Team - Transport-Sch\u00e4fer<\/title>\n<meta name=\"robots\" content=\"index, follow, max-snippet:-1, max-image-preview:large, max-video-preview:-1\" \/>\n<link rel=\"canonical\" href=\"https:\/\/transport-schaefer.de\/?page_id=634\" \/>\n<meta property=\"og:locale\" content=\"de_DE\" \/>\n<meta property=\"og:type\" content=\"article\" \/>\n<meta property=\"og:title\" content=\"Team - Transport-Sch\u00e4fer\" \/>\n<meta property=\"og:description\" content=\"TEAM Das Team von Transport &amp; Logistik W. SCH\u00c4FER R\u00f6merstra\u00dfe 1-3 \/ 50354 H\u00fcrth \/ 0178 4514102 Wolfgang Sch\u00e4ferGeschaftsf\u00fchrung\" \/>\n<meta property=\"og:url\" content=\"https:\/\/transport-schaefer.de\/?page_id=634\" \/>\n<meta property=\"og:site_name\" content=\"Transport-Sch\u00e4fer\" \/>\n<meta property=\"article:modified_time\" content=\"2023-01-09T11:41:00+00:00\" \/>\n<meta property=\"og:image\" content=\"https:\/\/transport-schaefer.de\/wp-content\/uploads\/2023\/01\/team-gesamt_1-1024x485.jpg\" \/>\n<meta name=\"twitter:card\" content=\"summary_large_image\" \/>\n<meta name=\"twitter:label1\" content=\"Gesch\u00e4tzte Lesezeit\" \/>\n\t<meta name=\"twitter:data1\" content=\"3\u00a0Minuten\" \/>\n<script type=\"application\/ld+json\" class=\"yoast-schema-graph\">{\"@context\":\"https:\\\/\\\/schema.org\",\"@graph\":[{\"@type\":\"WebPage\",\"@id\":\"https:\\\/\\\/transport-schaefer.de\\\/?page_id=634\",\"url\":\"https:\\\/\\\/transport-schaefer.de\\\/?page_id=634\",\"name\":\"Team - Transport-Sch\u00e4fer\",\"isPartOf\":{\"@id\":\"https:\\\/\\\/transport-schaefer.de\\\/#website\"},\"primaryImageOfPage\":{\"@id\":\"https:\\\/\\\/transport-schaefer.de\\\/?page_id=634#primaryimage\"},\"image\":{\"@id\":\"https:\\\/\\\/transport-schaefer.de\\\/?page_id=634#primaryimage\"},\"thumbnailUrl\":\"https:\\\/\\\/transport-schaefer.de\\\/wp-content\\\/uploads\\\/2023\\\/01\\\/team-gesamt_1-1024x485.jpg\",\"datePublished\":\"2023-01-09T11:40:59+00:00\",\"dateModified\":\"2023-01-09T11:41:00+00:00\",\"breadcrumb\":{\"@id\":\"https:\\\/\\\/transport-schaefer.de\\\/?page_id=634#breadcrumb\"},\"inLanguage\":\"de\",\"potentialAction\":[{\"@type\":\"ReadAction\",\"target\":[\"https:\\\/\\\/transport-schaefer.de\\\/?page_id=634\"]}]},{\"@type\":\"ImageObject\",\"inLanguage\":\"de\",\"@id\":\"https:\\\/\\\/transport-schaefer.de\\\/?page_id=634#primaryimage\",\"url\":\"https:\\\/\\\/transport-schaefer.de\\\/wp-content\\\/uploads\\\/2023\\\/01\\\/team-gesamt_1.jpg\",\"contentUrl\":\"https:\\\/\\\/transport-schaefer.de\\\/wp-content\\\/uploads\\\/2023\\\/01\\\/team-gesamt_1.jpg\",\"width\":1200,\"height\":568},{\"@type\":\"BreadcrumbList\",\"@id\":\"https:\\\/\\\/transport-schaefer.de\\\/?page_id=634#breadcrumb\",\"itemListElement\":[{\"@type\":\"ListItem\",\"position\":1,\"name\":\"Startseite\",\"item\":\"https:\\\/\\\/transport-schaefer.de\\\/\"},{\"@type\":\"ListItem\",\"position\":2,\"name\":\"Team\"}]},{\"@type\":\"WebSite\",\"@id\":\"https:\\\/\\\/transport-schaefer.de\\\/#website\",\"url\":\"https:\\\/\\\/transport-schaefer.de\\\/\",\"name\":\"Transport-Sch\u00e4fer\",\"description\":\"Just another WordPress site\",\"publisher\":{\"@id\":\"https:\\\/\\\/transport-schaefer.de\\\/#organization\"},\"potentialAction\":[{\"@type\":\"SearchAction\",\"target\":{\"@type\":\"EntryPoint\",\"urlTemplate\":\"https:\\\/\\\/transport-schaefer.de\\\/?s={search_term_string}\"},\"query-input\":{\"@type\":\"PropertyValueSpecification\",\"valueRequired\":true,\"valueName\":\"search_term_string\"}}],\"inLanguage\":\"de\"},{\"@type\":\"Organization\",\"@id\":\"https:\\\/\\\/transport-schaefer.de\\\/#organization\",\"name\":\"Transport-Sch\u00e4fer\",\"url\":\"https:\\\/\\\/transport-schaefer.de\\\/\",\"logo\":{\"@type\":\"ImageObject\",\"inLanguage\":\"de\",\"@id\":\"https:\\\/\\\/transport-schaefer.de\\\/#\\\/schema\\\/logo\\\/image\\\/\",\"url\":\"https:\\\/\\\/transport-schaefer.de\\\/wp-content\\\/uploads\\\/2022\\\/05\\\/Logo-Schaefer-1.png\",\"contentUrl\":\"https:\\\/\\\/transport-schaefer.de\\\/wp-content\\\/uploads\\\/2022\\\/05\\\/Logo-Schaefer-1.png\",\"width\":290,\"height\":75,\"caption\":\"Transport-Sch\u00e4fer\"},\"image\":{\"@id\":\"https:\\\/\\\/transport-schaefer.de\\\/#\\\/schema\\\/logo\\\/image\\\/\"}}]}<\/script>\n<!-- \/ Yoast SEO plugin. -->","yoast_head_json":{"title":"Team - Transport-Sch\u00e4fer","robots":{"index":"index","follow":"follow","max-snippet":"max-snippet:-1","max-image-preview":"max-image-preview:large","max-video-preview":"max-video-preview:-1"},"canonical":"https:\/\/transport-schaefer.de\/?page_id=634","og_locale":"de_DE","og_type":"article","og_title":"Team - Transport-Sch\u00e4fer","og_description":"TEAM Das Team von Transport &amp; Logistik W. SCH\u00c4FER R\u00f6merstra\u00dfe 1-3 \/ 50354 H\u00fcrth \/ 0178 4514102 Wolfgang Sch\u00e4ferGeschaftsf\u00fchrung","og_url":"https:\/\/transport-schaefer.de\/?page_id=634","og_site_name":"Transport-Sch\u00e4fer","article_modified_time":"2023-01-09T11:41:00+00:00","og_image":[{"url":"https:\/\/transport-schaefer.de\/wp-content\/uploads\/2023\/01\/team-gesamt_1-1024x485.jpg","type":"","width":"","height":""}],"twitter_card":"summary_large_image","twitter_misc":{"Gesch\u00e4tzte Lesezeit":"3\u00a0Minuten"},"schema":{"@context":"https:\/\/schema.org","@graph":[{"@type":"WebPage","@id":"https:\/\/transport-schaefer.de\/?page_id=634","url":"https:\/\/transport-schaefer.de\/?page_id=634","name":"Team - Transport-Sch\u00e4fer","isPartOf":{"@id":"https:\/\/transport-schaefer.de\/#website"},"primaryImageOfPage":{"@id":"https:\/\/transport-schaefer.de\/?page_id=634#primaryimage"},"image":{"@id":"https:\/\/transport-schaefer.de\/?page_id=634#primaryimage"},"thumbnailUrl":"https:\/\/transport-schaefer.de\/wp-content\/uploads\/2023\/01\/team-gesamt_1-1024x485.jpg","datePublished":"2023-01-09T11:40:59+00:00","dateModified":"2023-01-09T11:41:00+00:00","breadcrumb":{"@id":"https:\/\/transport-schaefer.de\/?page_id=634#breadcrumb"},"inLanguage":"de","potentialAction":[{"@type":"ReadAction","target":["https:\/\/transport-schaefer.de\/?page_id=634"]}]},{"@type":"ImageObject","inLanguage":"de","@id":"https:\/\/transport-schaefer.de\/?page_id=634#primaryimage","url":"https:\/\/transport-schaefer.de\/wp-content\/uploads\/2023\/01\/team-gesamt_1.jpg","contentUrl":"https:\/\/transport-schaefer.de\/wp-content\/uploads\/2023\/01\/team-gesamt_1.jpg","width":1200,"height":568},{"@type":"BreadcrumbList","@id":"https:\/\/transport-schaefer.de\/?page_id=634#breadcrumb","itemListElement":[{"@type":"ListItem","position":1,"name":"Startseite","item":"https:\/\/transport-schaefer.de\/"},{"@type":"ListItem","position":2,"name":"Team"}]},{"@type":"WebSite","@id":"https:\/\/transport-schaefer.de\/#website","url":"https:\/\/transport-schaefer.de\/","name":"Transport-Sch\u00e4fer","description":"Just another WordPress site","publisher":{"@id":"https:\/\/transport-schaefer.de\/#organization"},"potentialAction":[{"@type":"SearchAction","target":{"@type":"EntryPoint","urlTemplate":"https:\/\/transport-schaefer.de\/?s={search_term_string}"},"query-input":{"@type":"PropertyValueSpecification","valueRequired":true,"valueName":"search_term_string"}}],"inLanguage":"de"},{"@type":"Organization","@id":"https:\/\/transport-schaefer.de\/#organization","name":"Transport-Sch\u00e4fer","url":"https:\/\/transport-schaefer.de\/","logo":{"@type":"ImageObject","inLanguage":"de","@id":"https:\/\/transport-schaefer.de\/#\/schema\/logo\/image\/","url":"https:\/\/transport-schaefer.de\/wp-content\/uploads\/2022\/05\/Logo-Schaefer-1.png","contentUrl":"https:\/\/transport-schaefer.de\/wp-content\/uploads\/2022\/05\/Logo-Schaefer-1.png","width":290,"height":75,"caption":"Transport-Sch\u00e4fer"},"image":{"@id":"https:\/\/transport-schaefer.de\/#\/schema\/logo\/image\/"}}]}},"uagb_featured_image_src":{"full":false,"thumbnail":false,"medium":false,"medium_large":false,"large":false,"1536x1536":false,"2048x2048":false},"uagb_author_info":{"display_name":"admin","author_link":"https:\/\/transport-schaefer.de\/?author=1"},"uagb_comment_info":0,"uagb_excerpt":"TEAM Das Team von Transport &amp; Logistik W. SCH\u00c4FER R\u00f6merstra\u00dfe 1-3 \/ 50354 H\u00fcrth \/ 0178 4514102 Wolfgang Sch\u00e4ferGeschaftsf\u00fchrung","_links":{"self":[{"href":"https:\/\/transport-schaefer.de\/index.php?rest_route=\/wp\/v2\/pages\/634","targetHints":{"allow":["GET"]}}],"collection":[{"href":"https:\/\/transport-schaefer.de\/index.php?rest_route=\/wp\/v2\/pages"}],"about":[{"href":"https:\/\/transport-schaefer.de\/index.php?rest_route=\/wp\/v2\/types\/page"}],"author":[{"embeddable":true,"href":"https:\/\/transport-schaefer.de\/index.php?rest_route=\/wp\/v2\/users\/1"}],"replies":[{"embeddable":true,"href":"https:\/\/transport-schaefer.de\/index.php?rest_route=%2Fwp%2Fv2%2Fcomments&post=634"}],"version-history":[{"count":5,"href":"https:\/\/transport-schaefer.de\/index.php?rest_route=\/wp\/v2\/pages\/634\/revisions"}],"predecessor-version":[{"id":644,"href":"https:\/\/transport-schaefer.de\/index.php?rest_route=\/wp\/v2\/pages\/634\/revisions\/644"}],"wp:attachment":[{"href":"https:\/\/transport-schaefer.de\/index.php?rest_route=%2Fwp%2Fv2%2Fmedia&parent=634"}],"curies":[{"name":"wp","href":"https:\/\/api.w.org\/{rel}","templated":true}]}}