{"id":83,"date":"2022-05-30T11:26:39","date_gmt":"2022-05-30T11:26:39","guid":{"rendered":"https:\/\/transport-schaefer.de\/wordpress\/?page_id=83"},"modified":"2022-06-07T11:03:17","modified_gmt":"2022-06-07T11:03:17","slug":"werkstattfahrten","status":"publish","type":"page","link":"https:\/\/transport-schaefer.de\/?page_id=83","title":{"rendered":"Werkstattfahrten"},"content":{"rendered":"\n<p class=\"has-text-align-center has-ast-global-color-4-color has-ast-global-color-0-background-color has-text-color has-background has-medium-font-size\" style=\"line-height:1;letter-spacing:2px\">WERKSTATTFAHRTEN<\/p>\n\n\n\n<figure class=\"wp-block-image aligncenter size-large\"><img decoding=\"async\" src=\"https:\/\/transport-schaefer.de\/wp-content\/uploads\/2022\/05\/Werkstattfahrten_blau_300x161.png\" alt=\"\"\/><\/figure>\n\n\n\n<h3 class=\"has-text-align-center has-ast-global-color-0-color has-text-color wp-block-heading\">Werkstattfahrten:<br>Hol- und Bringdienst f\u00fcr PKW und LKW<\/h3>\n\n\n\n<p style=\"line-height:1.4\"><strong>Muss Ihr Fahrzeug in die Werkstatt, ist damit immer ein zeitraubender Termin verbunden:<\/strong><br>Sie bringen das Auto hin und m\u00fcssen dann selbst mit einem Leihwagen oder den \u00f6ffentlichen Verkehrsmitteln zu Ihrem n\u00e4chsten Termin fahren. Viele Fahrzeugbesitzer k\u00f6nnen sich auch w\u00e4hrend der \u00d6ffnungszeiten der Werkstatt nicht gut im Unternehmen freinehmen. In diesem Fall wenden Sie sich vertrauensvoll an unsere Fachkr\u00e4fte bei Transport &amp; Logistik<br>W. Sch\u00e4fer: Wir \u00fcbernehmen Fahrzeugtransfers f\u00fcr Pkw und Lkw.<\/p>\n\n\n\n<div class=\"wp-block-columns has-ast-global-color-4-color has-text-color has-background is-layout-flex wp-container-core-columns-is-layout-114e0d5f wp-block-columns-is-layout-flex\" style=\"background-color:#767b85;padding-top:25px;padding-right:20px;padding-bottom:25px;padding-left:25px\">\n<div class=\"wp-block-column is-vertically-aligned-center is-layout-flow wp-block-column-is-layout-flow\">\n<p class=\"has-text-align-center has-ast-global-color-4-color has-text-color has-medium-font-size\">Ein Anruf gen\u00fcgt f\u00fcr unseren Hol- und Bringdienst<\/p>\n\n\n\n<p class=\"has-ast-global-color-4-color has-text-color\" style=\"line-height:1.4\">Werkstattfahrten stehen immer dann an, wenn man wirklich keine Zeit daf\u00fcr hat. Ehe Sie wertvolle Fachkr\u00e4fte aus Ihrem Unternehmen damit beauftragen, die Fahrzeuge zur Reparatur oder \u00dcberpr\u00fcfung zu bringen, \u00fcberlassen Sie diese Aufgabe lieber den gut ausgebildeten, umsichtigen Fahrern bei Transport &amp; Logistik W. Sch\u00e4fer: Sagen Sie uns gern auch kurzfristig Bescheid \u2013 wir wissen, dass solche pl\u00f6tzlichen Komplikationen Ihren ganzen Arbeitsalltag durcheinanderbringen. Daher sind wir gern bereit, Ihre Werkstattfahrten zu \u00fcbernehmen. Ob Ihr Unternehmen in H\u00fcrth sitzt oder anderswo im Bundesgebiet, spielt f\u00fcr uns keine Rolle.<\/p>\n<\/div>\n<\/div>\n\n\n\n<p><\/p>\n\n\n\n<h4 class=\"has-text-align-center has-ast-global-color-0-color has-text-color wp-block-heading\">Unser Service bei Transport &amp; Logistik W. Sch\u00e4fer<\/h4>\n\n\n\n<div class=\"wp-block-columns is-layout-flex wp-container-core-columns-is-layout-28f84493 wp-block-columns-is-layout-flex\">\n<div class=\"wp-block-column is-layout-flow wp-block-column-is-layout-flow\" style=\"flex-basis:70%\">\n<p style=\"line-height:1.4\">Oft wissen Sie nicht lange Im Vorfeld, dass Ihre Fahrzeuge in die Werkstatt m\u00fcssen. Daher reagieren wir <strong>flexibel und schnell<\/strong>, wenn Sie unseren Hol- und Bringdienst w\u00fcnschen.<br>Wir&#8230;<\/p>\n\n\n\n<ul class=\"has-ast-global-color-0-color has-text-color wp-block-list\" style=\"font-size:14px\"><li>\u2026holen das Auto zum vereinbarten Zeitpunkt ab,<\/li><li>\u2026bringen es zur Werkstatt Ihrer Wahl, auf Wunsch zu einer, die im Rahmen der EU-Verordnung 461\/2010 als unabh\u00e4ngiger Spezialist f\u00fcr eine bestimmte Marke t\u00e4tig ist,<\/li><li>\u2026geben Ihnen Bescheid, wann Sie Ihre Fahrzeuge wieder zur\u00fcckerhalten werden,<\/li><li>\u2026holen sie zum genannten Termin wieder ab und bringen sie zu Ihnen,<\/li><li>\u2026und checken vor dem Losfahren und nach dem Zur\u00fcckbringen jedes Auto auf M\u00e4ngel oder Sch\u00e4den.<\/li><\/ul>\n<\/div>\n\n\n\n<div class=\"wp-block-column is-vertically-aligned-center is-layout-flow wp-block-column-is-layout-flow\" style=\"flex-basis:40%\">\n<figure class=\"wp-block-image aligncenter size-full is-resized is-style-rounded\"><img loading=\"lazy\" decoding=\"async\" src=\"https:\/\/transport-schaefer.de\/wordpress\/wp-content\/uploads\/2022\/05\/service-schaefer-transporte.jpg\" alt=\"\" class=\"wp-image-96\" width=\"319\" height=\"212\" srcset=\"https:\/\/transport-schaefer.de\/wp-content\/uploads\/2022\/05\/service-schaefer-transporte.jpg 600w, https:\/\/transport-schaefer.de\/wp-content\/uploads\/2022\/05\/service-schaefer-transporte-300x200.jpg 300w\" sizes=\"auto, (max-width: 319px) 100vw, 319px\" \/><\/figure>\n<\/div>\n<\/div>\n\n\n\n<p style=\"font-size:8px\"><\/p>\n\n\n\n<div class=\"wp-block-columns is-layout-flex wp-container-core-columns-is-layout-28f84493 wp-block-columns-is-layout-flex\">\n<div class=\"wp-block-column is-layout-flow wp-block-column-is-layout-flow\">\n<p style=\"line-height:1.4\">Sobald Sie feststellen, dass Ihr Fahrzeug in die Werkstatt muss, melden Sie sich bei uns: Wir sorgen daf\u00fcr, dass Sie es ohne unn\u00f6tige Wege so rasch wie m\u00f6glich heil wiederhaben.<\/p>\n<\/div>\n<\/div>\n\n\n\n<hr class=\"wp-block-separator alignwide has-text-color has-ast-global-color-0-color has-alpha-channel-opacity has-ast-global-color-0-background-color has-background is-style-wide\"\/>\n\n\n\n<p><\/p>\n\n\n\n<div class=\"wp-block-columns is-layout-flex wp-container-core-columns-is-layout-28f84493 wp-block-columns-is-layout-flex\">\n<div class=\"wp-block-column is-layout-flow wp-block-column-is-layout-flow\">\n<p class=\"has-text-align-right has-ast-global-color-0-color has-text-color\">Kontaktieren Sie uns f\u00fcr ein &#8211; INDIVIDUELLES ANGEBOT.<\/p>\n<\/div>\n\n\n\n<div class=\"wp-block-column is-layout-flow wp-block-column-is-layout-flow\">\n<div class=\"wp-block-buttons is-layout-flex wp-block-buttons-is-layout-flex\">\n<div class=\"wp-block-button has-custom-width wp-block-button__width-75 has-custom-font-size\" style=\"font-size:14px\"><a class=\"wp-block-button__link\" href=\"https:\/\/transport-schaefer.de\/wordpress\/?page_id=187\" style=\"border-radius:15px\">Jetzt Kontakt aufnehmen<\/a><\/div>\n<\/div>\n<\/div>\n<\/div>\n","protected":false},"excerpt":{"rendered":"<p>WERKSTATTFAHRTEN Werkstattfahrten:Hol- und Bringdienst f\u00fcr PKW und LKW Muss Ihr Fahrzeug in die Werkstatt, ist damit immer ein zeitraubender Termin verbunden:Sie bringen das Auto hin und m\u00fcssen dann selbst mit einem Leihwagen oder den \u00f6ffentlichen Verkehrsmitteln zu Ihrem n\u00e4chsten Termin fahren. Viele Fahrzeugbesitzer k\u00f6nnen sich auch w\u00e4hrend der \u00d6ffnungszeiten der Werkstatt nicht gut im Unternehmen [&hellip;]<\/p>\n","protected":false},"author":1,"featured_media":0,"parent":0,"menu_order":0,"comment_status":"closed","ping_status":"closed","template":"","meta":{"_uag_custom_page_level_css":"","site-sidebar-layout":"default","site-content-layout":"","ast-site-content-layout":"default","site-content-style":"default","site-sidebar-style":"default","ast-global-header-display":"","ast-banner-title-visibility":"","ast-main-header-display":"","ast-hfb-above-header-display":"","ast-hfb-below-header-display":"","ast-hfb-mobile-header-display":"","site-post-title":"disabled","ast-breadcrumbs-content":"","ast-featured-img":"","footer-sml-layout":"","ast-disable-related-posts":"","theme-transparent-header-meta":"","adv-header-id-meta":"","stick-header-meta":"","header-above-stick-meta":"","header-main-stick-meta":"","header-below-stick-meta":"","astra-migrate-meta-layouts":"default","ast-page-background-enabled":"default","ast-page-background-meta":{"desktop":{"background-color":"var(--ast-global-color-4)","background-image":"","background-repeat":"repeat","background-position":"center center","background-size":"auto","background-attachment":"scroll","background-type":"","background-media":"","overlay-type":"","overlay-color":"","overlay-opacity":"","overlay-gradient":""},"tablet":{"background-color":"","background-image":"","background-repeat":"repeat","background-position":"center center","background-size":"auto","background-attachment":"scroll","background-type":"","background-media":"","overlay-type":"","overlay-color":"","overlay-opacity":"","overlay-gradient":""},"mobile":{"background-color":"","background-image":"","background-repeat":"repeat","background-position":"center center","background-size":"auto","background-attachment":"scroll","background-type":"","background-media":"","overlay-type":"","overlay-color":"","overlay-opacity":"","overlay-gradient":""}},"ast-content-background-meta":{"desktop":{"background-color":"var(--ast-global-color-5)","background-image":"","background-repeat":"repeat","background-position":"center center","background-size":"auto","background-attachment":"scroll","background-type":"","background-media":"","overlay-type":"","overlay-color":"","overlay-opacity":"","overlay-gradient":""},"tablet":{"background-color":"var(--ast-global-color-5)","background-image":"","background-repeat":"repeat","background-position":"center center","background-size":"auto","background-attachment":"scroll","background-type":"","background-media":"","overlay-type":"","overlay-color":"","overlay-opacity":"","overlay-gradient":""},"mobile":{"background-color":"var(--ast-global-color-5)","background-image":"","background-repeat":"repeat","background-position":"center center","background-size":"auto","background-attachment":"scroll","background-type":"","background-media":"","overlay-type":"","overlay-color":"","overlay-opacity":"","overlay-gradient":""}},"footnotes":""},"class_list":["post-83","page","type-page","status-publish","hentry"],"yoast_head":"<!-- This site is optimized with the Yoast SEO plugin v27.4 - https:\/\/yoast.com\/product\/yoast-seo-wordpress\/ -->\n<title>Werkstattfahrten - Transport-Sch\u00e4fer<\/title>\n<meta name=\"robots\" content=\"index, follow, max-snippet:-1, max-image-preview:large, max-video-preview:-1\" \/>\n<link rel=\"canonical\" href=\"https:\/\/transport-schaefer.de\/?page_id=83\" \/>\n<meta property=\"og:locale\" content=\"de_DE\" \/>\n<meta property=\"og:type\" content=\"article\" \/>\n<meta property=\"og:title\" content=\"Werkstattfahrten - Transport-Sch\u00e4fer\" \/>\n<meta property=\"og:description\" content=\"WERKSTATTFAHRTEN Werkstattfahrten:Hol- und Bringdienst f\u00fcr PKW und LKW Muss Ihr Fahrzeug in die Werkstatt, ist damit immer ein zeitraubender Termin verbunden:Sie bringen das Auto hin und m\u00fcssen dann selbst mit einem Leihwagen oder den \u00f6ffentlichen Verkehrsmitteln zu Ihrem n\u00e4chsten Termin fahren. Viele Fahrzeugbesitzer k\u00f6nnen sich auch w\u00e4hrend der \u00d6ffnungszeiten der Werkstatt nicht gut im Unternehmen [&hellip;]\" \/>\n<meta property=\"og:url\" content=\"https:\/\/transport-schaefer.de\/?page_id=83\" \/>\n<meta property=\"og:site_name\" content=\"Transport-Sch\u00e4fer\" \/>\n<meta property=\"article:modified_time\" content=\"2022-06-07T11:03:17+00:00\" \/>\n<meta property=\"og:image\" content=\"https:\/\/transport-schaefer.de\/wp-content\/uploads\/2022\/05\/Werkstattfahrten_blau_300x161.png\" \/>\n<meta name=\"twitter:card\" content=\"summary_large_image\" \/>\n<meta name=\"twitter:label1\" content=\"Gesch\u00e4tzte Lesezeit\" \/>\n\t<meta name=\"twitter:data1\" content=\"2\u00a0Minuten\" \/>\n<script type=\"application\/ld+json\" class=\"yoast-schema-graph\">{\"@context\":\"https:\\\/\\\/schema.org\",\"@graph\":[{\"@type\":\"WebPage\",\"@id\":\"https:\\\/\\\/transport-schaefer.de\\\/?page_id=83\",\"url\":\"https:\\\/\\\/transport-schaefer.de\\\/?page_id=83\",\"name\":\"Werkstattfahrten - Transport-Sch\u00e4fer\",\"isPartOf\":{\"@id\":\"https:\\\/\\\/transport-schaefer.de\\\/#website\"},\"primaryImageOfPage\":{\"@id\":\"https:\\\/\\\/transport-schaefer.de\\\/?page_id=83#primaryimage\"},\"image\":{\"@id\":\"https:\\\/\\\/transport-schaefer.de\\\/?page_id=83#primaryimage\"},\"thumbnailUrl\":\"https:\\\/\\\/transport-schaefer.de\\\/wp-content\\\/uploads\\\/2022\\\/05\\\/Werkstattfahrten_blau_300x161.png\",\"datePublished\":\"2022-05-30T11:26:39+00:00\",\"dateModified\":\"2022-06-07T11:03:17+00:00\",\"breadcrumb\":{\"@id\":\"https:\\\/\\\/transport-schaefer.de\\\/?page_id=83#breadcrumb\"},\"inLanguage\":\"de\",\"potentialAction\":[{\"@type\":\"ReadAction\",\"target\":[\"https:\\\/\\\/transport-schaefer.de\\\/?page_id=83\"]}]},{\"@type\":\"ImageObject\",\"inLanguage\":\"de\",\"@id\":\"https:\\\/\\\/transport-schaefer.de\\\/?page_id=83#primaryimage\",\"url\":\"https:\\\/\\\/transport-schaefer.de\\\/wp-content\\\/uploads\\\/2022\\\/05\\\/Werkstattfahrten_blau_300x161.png\",\"contentUrl\":\"https:\\\/\\\/transport-schaefer.de\\\/wp-content\\\/uploads\\\/2022\\\/05\\\/Werkstattfahrten_blau_300x161.png\",\"width\":300,\"height\":161},{\"@type\":\"BreadcrumbList\",\"@id\":\"https:\\\/\\\/transport-schaefer.de\\\/?page_id=83#breadcrumb\",\"itemListElement\":[{\"@type\":\"ListItem\",\"position\":1,\"name\":\"Startseite\",\"item\":\"https:\\\/\\\/transport-schaefer.de\\\/\"},{\"@type\":\"ListItem\",\"position\":2,\"name\":\"Werkstattfahrten\"}]},{\"@type\":\"WebSite\",\"@id\":\"https:\\\/\\\/transport-schaefer.de\\\/#website\",\"url\":\"https:\\\/\\\/transport-schaefer.de\\\/\",\"name\":\"Transport-Sch\u00e4fer\",\"description\":\"Just another WordPress site\",\"publisher\":{\"@id\":\"https:\\\/\\\/transport-schaefer.de\\\/#organization\"},\"potentialAction\":[{\"@type\":\"SearchAction\",\"target\":{\"@type\":\"EntryPoint\",\"urlTemplate\":\"https:\\\/\\\/transport-schaefer.de\\\/?s={search_term_string}\"},\"query-input\":{\"@type\":\"PropertyValueSpecification\",\"valueRequired\":true,\"valueName\":\"search_term_string\"}}],\"inLanguage\":\"de\"},{\"@type\":\"Organization\",\"@id\":\"https:\\\/\\\/transport-schaefer.de\\\/#organization\",\"name\":\"Transport-Sch\u00e4fer\",\"url\":\"https:\\\/\\\/transport-schaefer.de\\\/\",\"logo\":{\"@type\":\"ImageObject\",\"inLanguage\":\"de\",\"@id\":\"https:\\\/\\\/transport-schaefer.de\\\/#\\\/schema\\\/logo\\\/image\\\/\",\"url\":\"https:\\\/\\\/transport-schaefer.de\\\/wp-content\\\/uploads\\\/2022\\\/05\\\/Logo-Schaefer-1.png\",\"contentUrl\":\"https:\\\/\\\/transport-schaefer.de\\\/wp-content\\\/uploads\\\/2022\\\/05\\\/Logo-Schaefer-1.png\",\"width\":290,\"height\":75,\"caption\":\"Transport-Sch\u00e4fer\"},\"image\":{\"@id\":\"https:\\\/\\\/transport-schaefer.de\\\/#\\\/schema\\\/logo\\\/image\\\/\"}}]}<\/script>\n<!-- \/ Yoast SEO plugin. -->","yoast_head_json":{"title":"Werkstattfahrten - Transport-Sch\u00e4fer","robots":{"index":"index","follow":"follow","max-snippet":"max-snippet:-1","max-image-preview":"max-image-preview:large","max-video-preview":"max-video-preview:-1"},"canonical":"https:\/\/transport-schaefer.de\/?page_id=83","og_locale":"de_DE","og_type":"article","og_title":"Werkstattfahrten - Transport-Sch\u00e4fer","og_description":"WERKSTATTFAHRTEN Werkstattfahrten:Hol- und Bringdienst f\u00fcr PKW und LKW Muss Ihr Fahrzeug in die Werkstatt, ist damit immer ein zeitraubender Termin verbunden:Sie bringen das Auto hin und m\u00fcssen dann selbst mit einem Leihwagen oder den \u00f6ffentlichen Verkehrsmitteln zu Ihrem n\u00e4chsten Termin fahren. Viele Fahrzeugbesitzer k\u00f6nnen sich auch w\u00e4hrend der \u00d6ffnungszeiten der Werkstatt nicht gut im Unternehmen [&hellip;]","og_url":"https:\/\/transport-schaefer.de\/?page_id=83","og_site_name":"Transport-Sch\u00e4fer","article_modified_time":"2022-06-07T11:03:17+00:00","og_image":[{"url":"https:\/\/transport-schaefer.de\/wp-content\/uploads\/2022\/05\/Werkstattfahrten_blau_300x161.png","type":"","width":"","height":""}],"twitter_card":"summary_large_image","twitter_misc":{"Gesch\u00e4tzte Lesezeit":"2\u00a0Minuten"},"schema":{"@context":"https:\/\/schema.org","@graph":[{"@type":"WebPage","@id":"https:\/\/transport-schaefer.de\/?page_id=83","url":"https:\/\/transport-schaefer.de\/?page_id=83","name":"Werkstattfahrten - Transport-Sch\u00e4fer","isPartOf":{"@id":"https:\/\/transport-schaefer.de\/#website"},"primaryImageOfPage":{"@id":"https:\/\/transport-schaefer.de\/?page_id=83#primaryimage"},"image":{"@id":"https:\/\/transport-schaefer.de\/?page_id=83#primaryimage"},"thumbnailUrl":"https:\/\/transport-schaefer.de\/wp-content\/uploads\/2022\/05\/Werkstattfahrten_blau_300x161.png","datePublished":"2022-05-30T11:26:39+00:00","dateModified":"2022-06-07T11:03:17+00:00","breadcrumb":{"@id":"https:\/\/transport-schaefer.de\/?page_id=83#breadcrumb"},"inLanguage":"de","potentialAction":[{"@type":"ReadAction","target":["https:\/\/transport-schaefer.de\/?page_id=83"]}]},{"@type":"ImageObject","inLanguage":"de","@id":"https:\/\/transport-schaefer.de\/?page_id=83#primaryimage","url":"https:\/\/transport-schaefer.de\/wp-content\/uploads\/2022\/05\/Werkstattfahrten_blau_300x161.png","contentUrl":"https:\/\/transport-schaefer.de\/wp-content\/uploads\/2022\/05\/Werkstattfahrten_blau_300x161.png","width":300,"height":161},{"@type":"BreadcrumbList","@id":"https:\/\/transport-schaefer.de\/?page_id=83#breadcrumb","itemListElement":[{"@type":"ListItem","position":1,"name":"Startseite","item":"https:\/\/transport-schaefer.de\/"},{"@type":"ListItem","position":2,"name":"Werkstattfahrten"}]},{"@type":"WebSite","@id":"https:\/\/transport-schaefer.de\/#website","url":"https:\/\/transport-schaefer.de\/","name":"Transport-Sch\u00e4fer","description":"Just another WordPress site","publisher":{"@id":"https:\/\/transport-schaefer.de\/#organization"},"potentialAction":[{"@type":"SearchAction","target":{"@type":"EntryPoint","urlTemplate":"https:\/\/transport-schaefer.de\/?s={search_term_string}"},"query-input":{"@type":"PropertyValueSpecification","valueRequired":true,"valueName":"search_term_string"}}],"inLanguage":"de"},{"@type":"Organization","@id":"https:\/\/transport-schaefer.de\/#organization","name":"Transport-Sch\u00e4fer","url":"https:\/\/transport-schaefer.de\/","logo":{"@type":"ImageObject","inLanguage":"de","@id":"https:\/\/transport-schaefer.de\/#\/schema\/logo\/image\/","url":"https:\/\/transport-schaefer.de\/wp-content\/uploads\/2022\/05\/Logo-Schaefer-1.png","contentUrl":"https:\/\/transport-schaefer.de\/wp-content\/uploads\/2022\/05\/Logo-Schaefer-1.png","width":290,"height":75,"caption":"Transport-Sch\u00e4fer"},"image":{"@id":"https:\/\/transport-schaefer.de\/#\/schema\/logo\/image\/"}}]}},"uagb_featured_image_src":{"full":false,"thumbnail":false,"medium":false,"medium_large":false,"large":false,"1536x1536":false,"2048x2048":false},"uagb_author_info":{"display_name":"admin","author_link":"https:\/\/transport-schaefer.de\/?author=1"},"uagb_comment_info":0,"uagb_excerpt":"WERKSTATTFAHRTEN Werkstattfahrten:Hol- und Bringdienst f\u00fcr PKW und LKW Muss Ihr Fahrzeug in die Werkstatt, ist damit immer ein zeitraubender Termin verbunden:Sie bringen das Auto hin und m\u00fcssen dann selbst mit einem Leihwagen oder den \u00f6ffentlichen Verkehrsmitteln zu Ihrem n\u00e4chsten Termin fahren. Viele Fahrzeugbesitzer k\u00f6nnen sich auch w\u00e4hrend der \u00d6ffnungszeiten der Werkstatt nicht gut im Unternehmen&hellip;","_links":{"self":[{"href":"https:\/\/transport-schaefer.de\/index.php?rest_route=\/wp\/v2\/pages\/83","targetHints":{"allow":["GET"]}}],"collection":[{"href":"https:\/\/transport-schaefer.de\/index.php?rest_route=\/wp\/v2\/pages"}],"about":[{"href":"https:\/\/transport-schaefer.de\/index.php?rest_route=\/wp\/v2\/types\/page"}],"author":[{"embeddable":true,"href":"https:\/\/transport-schaefer.de\/index.php?rest_route=\/wp\/v2\/users\/1"}],"replies":[{"embeddable":true,"href":"https:\/\/transport-schaefer.de\/index.php?rest_route=%2Fwp%2Fv2%2Fcomments&post=83"}],"version-history":[{"count":29,"href":"https:\/\/transport-schaefer.de\/index.php?rest_route=\/wp\/v2\/pages\/83\/revisions"}],"predecessor-version":[{"id":546,"href":"https:\/\/transport-schaefer.de\/index.php?rest_route=\/wp\/v2\/pages\/83\/revisions\/546"}],"wp:attachment":[{"href":"https:\/\/transport-schaefer.de\/index.php?rest_route=%2Fwp%2Fv2%2Fmedia&parent=83"}],"curies":[{"name":"wp","href":"https:\/\/api.w.org\/{rel}","templated":true}]}}